{"id":94,"date":"2022-02-02T14:30:42","date_gmt":"2022-02-02T17:30:42","guid":{"rendered":"http:\/\/54.233.232.132\/?page_id=94"},"modified":"2022-05-05T15:08:35","modified_gmt":"2022-05-05T18:08:35","slug":"publicacoes","status":"publish","type":"page","link":"https:\/\/abcdi.org.br\/index.php\/publicacoes\/","title":{"rendered":"Publica\u00e7\u00f5es"},"content":{"rendered":"\t\t<div data-elementor-type=\"wp-page\" data-elementor-id=\"94\" class=\"elementor elementor-94\" data-elementor-post-type=\"page\">\n\t\t\t\t\t\t<section class=\"elementor-section elementor-top-section elementor-element elementor-element-87f219c elementor-section-full_width elementor-section-height-default elementor-section-height-default\" data-id=\"87f219c\" data-element_type=\"section\" data-e-type=\"section\">\n\t\t\t\t\t\t<div class=\"elementor-container elementor-column-gap-no\">\n\t\t\t\t\t<div class=\"elementor-column elementor-col-100 elementor-top-column elementor-element elementor-element-d37f9db\" data-id=\"d37f9db\" data-element_type=\"column\" data-e-type=\"column\">\n\t\t\t<div class=\"elementor-widget-wrap elementor-element-populated\">\n\t\t\t\t\t\t<div class=\"elementor-element elementor-element-1dc35c9 elementor-widget elementor-widget-image\" data-id=\"1dc35c9\" data-element_type=\"widget\" data-e-type=\"widget\" data-widget_type=\"image.default\">\n\t\t\t\t<div class=\"elementor-widget-container\">\n\t\t\t\t\t\t\t\t\t\t\t\t\t\t\t<img decoding=\"async\" src=\"https:\/\/abcdi.org.br\/wp-content\/uploads\/2022\/05\/Banner-Publicacoes-ABCDI.png\" title=\"Banner -Publica\u00e7\u00f5es ABCDI\" alt=\"Banner -Publica\u00e7\u00f5es ABCDI\" loading=\"lazy\" \/>\t\t\t\t\t\t\t\t\t\t\t\t\t\t\t<\/div>\n\t\t\t\t<\/div>\n\t\t\t\t\t<\/div>\n\t\t<\/div>\n\t\t\t\t\t<\/div>\n\t\t<\/section>\n\t\t\t\t<section class=\"elementor-section elementor-top-section elementor-element elementor-element-e8973d5 elementor-section-boxed elementor-section-height-default elementor-section-height-default\" data-id=\"e8973d5\" data-element_type=\"section\" data-e-type=\"section\">\n\t\t\t\t\t\t<div class=\"elementor-container elementor-column-gap-default\">\n\t\t\t\t\t<div class=\"elementor-column elementor-col-100 elementor-top-column elementor-element elementor-element-06c0412\" data-id=\"06c0412\" data-element_type=\"column\" data-e-type=\"column\">\n\t\t\t<div class=\"elementor-widget-wrap elementor-element-populated\">\n\t\t\t\t\t\t<div class=\"elementor-element elementor-element-685576a elementor-widget elementor-widget-spacer\" data-id=\"685576a\" data-element_type=\"widget\" data-e-type=\"widget\" data-widget_type=\"spacer.default\">\n\t\t\t\t<div class=\"elementor-widget-container\">\n\t\t\t\t\t\t\t<div class=\"elementor-spacer\">\n\t\t\t<div class=\"elementor-spacer-inner\"><\/div>\n\t\t<\/div>\n\t\t\t\t\t\t<\/div>\n\t\t\t\t<\/div>\n\t\t\t\t\t<\/div>\n\t\t<\/div>\n\t\t\t\t\t<\/div>\n\t\t<\/section>\n\t\t\t\t<section class=\"elementor-section elementor-top-section elementor-element elementor-element-e6a1dc8 elementor-section-boxed elementor-section-height-default elementor-section-height-default\" data-id=\"e6a1dc8\" data-element_type=\"section\" data-e-type=\"section\">\n\t\t\t\t\t\t<div class=\"elementor-container elementor-column-gap-default\">\n\t\t\t\t\t<div class=\"elementor-column elementor-col-33 elementor-top-column elementor-element elementor-element-8845a5b\" data-id=\"8845a5b\" data-element_type=\"column\" data-e-type=\"column\">\n\t\t\t<div class=\"elementor-widget-wrap elementor-element-populated\">\n\t\t\t\t\t\t<div class=\"elementor-element elementor-element-0b7cbfb elementor-widget elementor-widget-text-editor\" data-id=\"0b7cbfb\" data-element_type=\"widget\" data-e-type=\"widget\" data-widget_type=\"text-editor.default\">\n\t\t\t\t<div class=\"elementor-widget-container\">\n\t\t\t\t\t\t\t\t\t<h1>EDITORIAL<\/h1>\n<p><!-- \/wp:heading --><\/p>\n<p><!-- wp:paragraph --><\/p>\n<p>A ideia dessa obra nasceu da celebra\u00e7\u00e3o dos 20 anos da Associa\u00e7\u00e3o Brasileira das Cl\u00ednicas de Diagn\u00f3stico por Imagem (ABCDI). Ela foi criada por proposta e esfor\u00e7o do Dr. Romeu Domingues, \u00e0 \u00e9poca vice-presidente do CBR, durante Assembl\u00e9ia Geral realizada no XXX Congresso Brasileiro de Radiologia e Diagn\u00f3stico por Imagem, em Curitiba (PR).<br \/>A hist\u00f3ria da associa\u00e7\u00e3o come\u00e7ou em 2000, por\u00e9m precisou de ajustes para incorpora\u00e7\u00e3o estatut\u00e1ria, e por isso sua oficializa\u00e7\u00e3o ocorreu em 26 de abril de 2002, mediante a uma reforma estatut\u00e1ria do Col\u00e9gio Brasileiro de Radiologia e Diagn\u00f3stico por Imagem e Diagn\u00f3stico por Imagem (CBR), aprovada tamb\u00e9m em Assembl\u00e9ia Geral.<br \/>Os motivos de criar a associa\u00e7\u00e3o j\u00e1 eram evidentes naquela \u00e9poca, diante da necessidade de ter um foco do Col\u00e9gio Brasileiro de Radiologia e Diagn\u00f3stico por Imagem e Diagn\u00f3stico por Imagem voltado para a pessoa jur\u00eddica, que pudesse acolher as demandas das cl\u00ednicas de diagn\u00f3stico por imagem, al\u00e9m de buscar de benef\u00edcios para estas empresas.<br \/><strong>Lu\u00eds Ronan Souza<\/strong> &#8211; Diretor ABCDI (2021 &#8211; 2022)<\/p>\n<p><!-- \/wp:paragraph --><\/p>\n<p><!-- wp:paragraph --><\/p>\n<p><!-- \/wp:paragraph --><\/p>\n<p><!-- wp:paragraph --><\/p>\n<p><!-- \/wp:paragraph --><\/p>\n<p><!-- wp:paragraph --><\/p>\n<p><!-- \/wp:paragraph --><\/p>\n<p><!-- wp:heading {\"level\":5} --><\/p>\n<h5>Leia na \u00edntegra ao lado<\/h5>\t\t\t\t\t\t\t\t<\/div>\n\t\t\t\t<\/div>\n\t\t\t\t\t<\/div>\n\t\t<\/div>\n\t\t\t\t<div class=\"elementor-column elementor-col-66 elementor-top-column elementor-element elementor-element-fa8bef2\" data-id=\"fa8bef2\" data-element_type=\"column\" data-e-type=\"column\">\n\t\t\t<div class=\"elementor-widget-wrap elementor-element-populated\">\n\t\t\t\t\t\t<div class=\"elementor-element elementor-element-684f66a8 elementor-widget elementor-widget-text-editor\" data-id=\"684f66a8\" data-element_type=\"widget\" data-e-type=\"widget\" data-widget_type=\"text-editor.default\">\n\t\t\t\t<div class=\"elementor-widget-container\">\n\t\t\t\t\t\t\t\t\t<p>&nbsp;<\/p>\n<div class=\"in5-iframe-wrapper\"><iframe class=\"in5-iframe-code\" style=\"width: 595px; height: 421px;\" src=\"https:\/\/abcdi.org.br\/wp-content\/uploads\/in5-archives\/ebook-abcdi_vs2022\/index.html\" width=\"595\" height=\"421\" data-open-in-new-window=\"no\" data-allow-fullscreen=\"no\" data-responsive-h=\"undefined\" data-orig-height=\"421\" data-mce-fragment=\"1\"><\/iframe><\/div>\n<p>&nbsp;<\/p>\t\t\t\t\t\t\t\t<\/div>\n\t\t\t\t<\/div>\n\t\t\t\t\t<\/div>\n\t\t<\/div>\n\t\t\t\t\t<\/div>\n\t\t<\/section>\n\t\t\t\t<\/div>\n\t\t","protected":false},"excerpt":{"rendered":"<p>EDITORIAL A ideia dessa obra nasceu da celebra\u00e7\u00e3o dos 20 anos da Associa\u00e7\u00e3o Brasileira das Cl\u00ednicas de Diagn\u00f3stico por Imagem (ABCDI). Ela foi criada por proposta e esfor\u00e7o do Dr. Romeu Domingues, \u00e0 \u00e9poca vice-presidente do CBR, durante Assembl\u00e9ia Geral realizada no XXX Congresso Brasileiro de Radiologia e Diagn\u00f3stico por Imagem, em Curitiba (PR).A hist\u00f3ria [&hellip;]<\/p>\n","protected":false},"author":1,"featured_media":0,"parent":0,"menu_order":0,"comment_status":"closed","ping_status":"closed","template":"","meta":{"site-sidebar-layout":"no-sidebar","site-content-layout":"page-builder","ast-site-content-layout":"default","site-content-style":"default","site-sidebar-style":"default","ast-global-header-display":"","ast-banner-title-visibility":"","ast-main-header-display":"","ast-hfb-above-header-display":"","ast-hfb-below-header-display":"","ast-hfb-mobile-header-display":"","site-post-title":"disabled","ast-breadcrumbs-content":"","ast-featured-img":"disabled","footer-sml-layout":"","ast-disable-related-posts":"","theme-transparent-header-meta":"","adv-header-id-meta":"","stick-header-meta":"","header-above-stick-meta":"","header-main-stick-meta":"","header-below-stick-meta":"","astra-migrate-meta-layouts":"default","ast-page-background-enabled":"default","ast-page-background-meta":{"desktop":{"background-color":"var(--ast-global-color-4)","background-image":"","background-repeat":"repeat","background-position":"center center","background-size":"auto","background-attachment":"scroll","background-type":"","background-media":"","overlay-type":"","overlay-color":"","overlay-opacity":"","overlay-gradient":""},"tablet":{"background-color":"","background-image":"","background-repeat":"repeat","background-position":"center center","background-size":"auto","background-attachment":"scroll","background-type":"","background-media":"","overlay-type":"","overlay-color":"","overlay-opacity":"","overlay-gradient":""},"mobile":{"background-color":"","background-image":"","background-repeat":"repeat","background-position":"center center","background-size":"auto","background-attachment":"scroll","background-type":"","background-media":"","overlay-type":"","overlay-color":"","overlay-opacity":"","overlay-gradient":""}},"ast-content-background-meta":{"desktop":{"background-color":"var(--ast-global-color-5)","background-image":"","background-repeat":"repeat","background-position":"center center","background-size":"auto","background-attachment":"scroll","background-type":"","background-media":"","overlay-type":"","overlay-color":"","overlay-opacity":"","overlay-gradient":""},"tablet":{"background-color":"var(--ast-global-color-5)","background-image":"","background-repeat":"repeat","background-position":"center center","background-size":"auto","background-attachment":"scroll","background-type":"","background-media":"","overlay-type":"","overlay-color":"","overlay-opacity":"","overlay-gradient":""},"mobile":{"background-color":"var(--ast-global-color-5)","background-image":"","background-repeat":"repeat","background-position":"center center","background-size":"auto","background-attachment":"scroll","background-type":"","background-media":"","overlay-type":"","overlay-color":"","overlay-opacity":"","overlay-gradient":""}},"footnotes":""},"class_list":["post-94","page","type-page","status-publish","hentry"],"yoast_head":"<!-- This site is optimized with the Yoast SEO plugin v27.5 - https:\/\/yoast.com\/product\/yoast-seo-wordpress\/ -->\n<title>Publica\u00e7\u00f5es ABCDI<\/title>\n<meta name=\"description\" content=\"Confira os livros e publica\u00e7\u00f5es cient\u00edficas da ABCDI\" \/>\n<meta name=\"robots\" content=\"index, follow, max-snippet:-1, max-image-preview:large, max-video-preview:-1\" \/>\n<link rel=\"canonical\" href=\"https:\/\/abcdi.org.br\/index.php\/publicacoes\/\" \/>\n<meta property=\"og:locale\" content=\"pt_BR\" \/>\n<meta property=\"og:type\" content=\"article\" \/>\n<meta property=\"og:title\" content=\"Publica\u00e7\u00f5es ABCDI\" \/>\n<meta property=\"og:description\" content=\"Confira os livros e publica\u00e7\u00f5es cient\u00edficas da ABCDI\" \/>\n<meta property=\"og:url\" content=\"https:\/\/abcdi.org.br\/index.php\/publicacoes\/\" \/>\n<meta property=\"article:modified_time\" content=\"2022-05-05T18:08:35+00:00\" \/>\n<meta property=\"og:image\" content=\"https:\/\/abcdi.org.br\/wp-content\/uploads\/2022\/05\/Banner-Publicacoes-ABCDI.png\" \/>\n<meta name=\"twitter:card\" content=\"summary_large_image\" \/>\n<meta name=\"twitter:label1\" content=\"Est. tempo de leitura\" \/>\n\t<meta name=\"twitter:data1\" content=\"2 minutos\" \/>\n<script type=\"application\/ld+json\" class=\"yoast-schema-graph\">{\"@context\":\"https:\\\/\\\/schema.org\",\"@graph\":[{\"@type\":\"WebPage\",\"@id\":\"https:\\\/\\\/abcdi.org.br\\\/index.php\\\/publicacoes\\\/\",\"url\":\"https:\\\/\\\/abcdi.org.br\\\/index.php\\\/publicacoes\\\/\",\"name\":\"Publica\u00e7\u00f5es ABCDI\",\"isPartOf\":{\"@id\":\"https:\\\/\\\/abcdi.org.br\\\/#website\"},\"primaryImageOfPage\":{\"@id\":\"https:\\\/\\\/abcdi.org.br\\\/index.php\\\/publicacoes\\\/#primaryimage\"},\"image\":{\"@id\":\"https:\\\/\\\/abcdi.org.br\\\/index.php\\\/publicacoes\\\/#primaryimage\"},\"thumbnailUrl\":\"https:\\\/\\\/abcdi.org.br\\\/wp-content\\\/uploads\\\/2022\\\/05\\\/Banner-Publicacoes-ABCDI.png\",\"datePublished\":\"2022-02-02T17:30:42+00:00\",\"dateModified\":\"2022-05-05T18:08:35+00:00\",\"description\":\"Confira os livros e publica\u00e7\u00f5es cient\u00edficas da ABCDI\",\"breadcrumb\":{\"@id\":\"https:\\\/\\\/abcdi.org.br\\\/index.php\\\/publicacoes\\\/#breadcrumb\"},\"inLanguage\":\"pt-BR\",\"potentialAction\":[{\"@type\":\"ReadAction\",\"target\":[\"https:\\\/\\\/abcdi.org.br\\\/index.php\\\/publicacoes\\\/\"]}]},{\"@type\":\"ImageObject\",\"inLanguage\":\"pt-BR\",\"@id\":\"https:\\\/\\\/abcdi.org.br\\\/index.php\\\/publicacoes\\\/#primaryimage\",\"url\":\"https:\\\/\\\/abcdi.org.br\\\/wp-content\\\/uploads\\\/2022\\\/05\\\/Banner-Publicacoes-ABCDI.png\",\"contentUrl\":\"https:\\\/\\\/abcdi.org.br\\\/wp-content\\\/uploads\\\/2022\\\/05\\\/Banner-Publicacoes-ABCDI.png\",\"width\":1920,\"height\":150},{\"@type\":\"BreadcrumbList\",\"@id\":\"https:\\\/\\\/abcdi.org.br\\\/index.php\\\/publicacoes\\\/#breadcrumb\",\"itemListElement\":[{\"@type\":\"ListItem\",\"position\":1,\"name\":\"In\u00edcio\",\"item\":\"https:\\\/\\\/abcdi.org.br\\\/\"},{\"@type\":\"ListItem\",\"position\":2,\"name\":\"Publica\u00e7\u00f5es\"}]},{\"@type\":\"WebSite\",\"@id\":\"https:\\\/\\\/abcdi.org.br\\\/#website\",\"url\":\"https:\\\/\\\/abcdi.org.br\\\/\",\"name\":\"\",\"description\":\"ABCDI - Associa\u00e7\u00e3o Brasileira de Cl\u00ednicas de Diagnostico por Imagem\",\"potentialAction\":[{\"@type\":\"SearchAction\",\"target\":{\"@type\":\"EntryPoint\",\"urlTemplate\":\"https:\\\/\\\/abcdi.org.br\\\/?s={search_term_string}\"},\"query-input\":{\"@type\":\"PropertyValueSpecification\",\"valueRequired\":true,\"valueName\":\"search_term_string\"}}],\"inLanguage\":\"pt-BR\"}]}<\/script>\n<!-- \/ Yoast SEO plugin. -->","yoast_head_json":{"title":"Publica\u00e7\u00f5es ABCDI","description":"Confira os livros e publica\u00e7\u00f5es cient\u00edficas da ABCDI","robots":{"index":"index","follow":"follow","max-snippet":"max-snippet:-1","max-image-preview":"max-image-preview:large","max-video-preview":"max-video-preview:-1"},"canonical":"https:\/\/abcdi.org.br\/index.php\/publicacoes\/","og_locale":"pt_BR","og_type":"article","og_title":"Publica\u00e7\u00f5es ABCDI","og_description":"Confira os livros e publica\u00e7\u00f5es cient\u00edficas da ABCDI","og_url":"https:\/\/abcdi.org.br\/index.php\/publicacoes\/","article_modified_time":"2022-05-05T18:08:35+00:00","og_image":[{"url":"https:\/\/abcdi.org.br\/wp-content\/uploads\/2022\/05\/Banner-Publicacoes-ABCDI.png","type":"","width":"","height":""}],"twitter_card":"summary_large_image","twitter_misc":{"Est. tempo de leitura":"2 minutos"},"schema":{"@context":"https:\/\/schema.org","@graph":[{"@type":"WebPage","@id":"https:\/\/abcdi.org.br\/index.php\/publicacoes\/","url":"https:\/\/abcdi.org.br\/index.php\/publicacoes\/","name":"Publica\u00e7\u00f5es ABCDI","isPartOf":{"@id":"https:\/\/abcdi.org.br\/#website"},"primaryImageOfPage":{"@id":"https:\/\/abcdi.org.br\/index.php\/publicacoes\/#primaryimage"},"image":{"@id":"https:\/\/abcdi.org.br\/index.php\/publicacoes\/#primaryimage"},"thumbnailUrl":"https:\/\/abcdi.org.br\/wp-content\/uploads\/2022\/05\/Banner-Publicacoes-ABCDI.png","datePublished":"2022-02-02T17:30:42+00:00","dateModified":"2022-05-05T18:08:35+00:00","description":"Confira os livros e publica\u00e7\u00f5es cient\u00edficas da ABCDI","breadcrumb":{"@id":"https:\/\/abcdi.org.br\/index.php\/publicacoes\/#breadcrumb"},"inLanguage":"pt-BR","potentialAction":[{"@type":"ReadAction","target":["https:\/\/abcdi.org.br\/index.php\/publicacoes\/"]}]},{"@type":"ImageObject","inLanguage":"pt-BR","@id":"https:\/\/abcdi.org.br\/index.php\/publicacoes\/#primaryimage","url":"https:\/\/abcdi.org.br\/wp-content\/uploads\/2022\/05\/Banner-Publicacoes-ABCDI.png","contentUrl":"https:\/\/abcdi.org.br\/wp-content\/uploads\/2022\/05\/Banner-Publicacoes-ABCDI.png","width":1920,"height":150},{"@type":"BreadcrumbList","@id":"https:\/\/abcdi.org.br\/index.php\/publicacoes\/#breadcrumb","itemListElement":[{"@type":"ListItem","position":1,"name":"In\u00edcio","item":"https:\/\/abcdi.org.br\/"},{"@type":"ListItem","position":2,"name":"Publica\u00e7\u00f5es"}]},{"@type":"WebSite","@id":"https:\/\/abcdi.org.br\/#website","url":"https:\/\/abcdi.org.br\/","name":"","description":"ABCDI - Associa\u00e7\u00e3o Brasileira de Cl\u00ednicas de Diagnostico por Imagem","potentialAction":[{"@type":"SearchAction","target":{"@type":"EntryPoint","urlTemplate":"https:\/\/abcdi.org.br\/?s={search_term_string}"},"query-input":{"@type":"PropertyValueSpecification","valueRequired":true,"valueName":"search_term_string"}}],"inLanguage":"pt-BR"}]}},"_links":{"self":[{"href":"https:\/\/abcdi.org.br\/index.php\/wp-json\/wp\/v2\/pages\/94","targetHints":{"allow":["GET"]}}],"collection":[{"href":"https:\/\/abcdi.org.br\/index.php\/wp-json\/wp\/v2\/pages"}],"about":[{"href":"https:\/\/abcdi.org.br\/index.php\/wp-json\/wp\/v2\/types\/page"}],"author":[{"embeddable":true,"href":"https:\/\/abcdi.org.br\/index.php\/wp-json\/wp\/v2\/users\/1"}],"replies":[{"embeddable":true,"href":"https:\/\/abcdi.org.br\/index.php\/wp-json\/wp\/v2\/comments?post=94"}],"version-history":[{"count":175,"href":"https:\/\/abcdi.org.br\/index.php\/wp-json\/wp\/v2\/pages\/94\/revisions"}],"predecessor-version":[{"id":2947,"href":"https:\/\/abcdi.org.br\/index.php\/wp-json\/wp\/v2\/pages\/94\/revisions\/2947"}],"wp:attachment":[{"href":"https:\/\/abcdi.org.br\/index.php\/wp-json\/wp\/v2\/media?parent=94"}],"curies":[{"name":"wp","href":"https:\/\/api.w.org\/{rel}","templated":true}]}}