{"id":926,"date":"2022-02-08T17:26:09","date_gmt":"2022-02-08T20:26:09","guid":{"rendered":"http:\/\/54.233.232.132\/?page_id=926"},"modified":"2026-04-10T17:13:26","modified_gmt":"2026-04-10T20:13:26","slug":"cbhpm","status":"publish","type":"page","link":"https:\/\/abcdi.org.br\/index.php\/cbhpm\/","title":{"rendered":"CBHPM"},"content":{"rendered":"\t\t<div data-elementor-type=\"wp-page\" data-elementor-id=\"926\" class=\"elementor elementor-926\" data-elementor-post-type=\"page\">\n\t\t\t\t\t\t<section class=\"elementor-section elementor-top-section elementor-element elementor-element-1a5f812 elementor-section-boxed elementor-section-height-default elementor-section-height-default\" data-id=\"1a5f812\" data-element_type=\"section\" data-e-type=\"section\">\n\t\t\t\t\t\t<div class=\"elementor-container elementor-column-gap-default\">\n\t\t\t\t\t<div class=\"elementor-column elementor-col-100 elementor-top-column elementor-element elementor-element-b2d8ed3\" data-id=\"b2d8ed3\" data-element_type=\"column\" data-e-type=\"column\">\n\t\t\t<div class=\"elementor-widget-wrap elementor-element-populated\">\n\t\t\t\t\t\t<div class=\"elementor-element elementor-element-2ded855 elementor-widget elementor-widget-spacer\" data-id=\"2ded855\" data-element_type=\"widget\" data-e-type=\"widget\" data-widget_type=\"spacer.default\">\n\t\t\t\t<div class=\"elementor-widget-container\">\n\t\t\t\t\t\t\t<div class=\"elementor-spacer\">\n\t\t\t<div class=\"elementor-spacer-inner\"><\/div>\n\t\t<\/div>\n\t\t\t\t\t\t<\/div>\n\t\t\t\t<\/div>\n\t\t\t\t\t<\/div>\n\t\t<\/div>\n\t\t\t\t\t<\/div>\n\t\t<\/section>\n\t\t\t\t<section class=\"elementor-section elementor-top-section elementor-element elementor-element-d72d4a2 elementor-section-boxed elementor-section-height-default elementor-section-height-default\" data-id=\"d72d4a2\" data-element_type=\"section\" data-e-type=\"section\">\n\t\t\t\t\t\t<div class=\"elementor-container elementor-column-gap-default\">\n\t\t\t\t\t<div class=\"elementor-column elementor-col-33 elementor-top-column elementor-element elementor-element-8731d21\" data-id=\"8731d21\" data-element_type=\"column\" data-e-type=\"column\">\n\t\t\t<div class=\"elementor-widget-wrap elementor-element-populated\">\n\t\t\t\t\t\t<div class=\"elementor-element elementor-element-304654c elementor-widget elementor-widget-heading\" data-id=\"304654c\" data-element_type=\"widget\" data-e-type=\"widget\" data-widget_type=\"heading.default\">\n\t\t\t\t<div class=\"elementor-widget-container\">\n\t\t\t\t\t<h2 class=\"elementor-heading-title elementor-size-default\">Classifica\u00e7\u00e3o Brasileira Hierarquizada de Procedimentos M\u00e9dicos (CBHPM)<\/h2>\t\t\t\t<\/div>\n\t\t\t\t<\/div>\n\t\t\t\t<div class=\"elementor-element elementor-element-cb6e7c4 elementor-widget elementor-widget-image\" data-id=\"cb6e7c4\" data-element_type=\"widget\" data-e-type=\"widget\" data-widget_type=\"image.default\">\n\t\t\t\t<div class=\"elementor-widget-container\">\n\t\t\t\t\t\t\t\t\t\t\t\t\t\t\t<img decoding=\"async\" width=\"133\" height=\"174\" src=\"https:\/\/abcdi.org.br\/wp-content\/uploads\/2023\/07\/CBHPM-2022.png\" class=\"attachment-large size-large wp-image-5147\" alt=\"\" \/>\t\t\t\t\t\t\t\t\t\t\t\t\t\t\t<\/div>\n\t\t\t\t<\/div>\n\t\t\t\t\t<\/div>\n\t\t<\/div>\n\t\t\t\t<div class=\"elementor-column elementor-col-66 elementor-top-column elementor-element elementor-element-bd625dd\" data-id=\"bd625dd\" data-element_type=\"column\" data-e-type=\"column\">\n\t\t\t<div class=\"elementor-widget-wrap elementor-element-populated\">\n\t\t\t\t\t\t<div class=\"elementor-element elementor-element-8bb3da6 elementor-widget elementor-widget-text-editor\" data-id=\"8bb3da6\" data-element_type=\"widget\" data-e-type=\"widget\" data-widget_type=\"text-editor.default\">\n\t\t\t\t<div class=\"elementor-widget-container\">\n\t\t\t\t\t\t\t\t\t<p>A Associa\u00e7\u00e3o M\u00e9dica Brasileira (AMB) por meio do Comunicado Oficial da CBHPM, publicado em 18\/10\/2025, corrigiu os valores de Porte e UCO vigentes da CBHPM, utilizando como refer\u00eancia para atualiza\u00e7\u00e3o o INPC\/IBGE do per\u00edodo, que corresponde a 5,10%, associado aos devidos ajustes para a corre\u00e7\u00e3o da curva de ascens\u00e3o dos valores referenciais dos servi\u00e7os m\u00e9dicos, resultando em diferentes percentuais de reajustes nos Portes de Procedimentos. O novo valor de refer\u00eancia para 1 UCO \u00e9 de R$ 29,80.<\/p>\n<p><a href=\"https:\/\/abcdi.org.br\/wp-content\/uploads\/2026\/02\/COMUNICADO-CBHPM-2025_2026_.pdf\" target=\"_blank\" rel=\"noopener\">Valores de portes e UCO para outubro de 2025 a setembro de 2026<br><\/a><\/p>\n<p><strong>Valor do metro quadrado da documenta\u00e7\u00e3o radiol\u00f3gica:<\/strong><\/p>\n<p>R$ 42,17 (desde 1\u00ba de abril de 2026)<\/p>\t\t\t\t\t\t\t\t<\/div>\n\t\t\t\t<\/div>\n\t\t\t\t<div class=\"elementor-element elementor-element-094dddb elementor-widget elementor-widget-toggle\" data-id=\"094dddb\" data-element_type=\"widget\" data-e-type=\"widget\" data-widget_type=\"toggle.default\">\n\t\t\t\t<div class=\"elementor-widget-container\">\n\t\t\t\t\t\t\t<div class=\"elementor-toggle\">\n\t\t\t\t\t\t\t<div class=\"elementor-toggle-item\">\n\t\t\t\t\t<div id=\"elementor-tab-title-9751\" class=\"elementor-tab-title\" data-tab=\"1\" role=\"button\" aria-controls=\"elementor-tab-content-9751\" aria-expanded=\"false\">\n\t\t\t\t\t\t\t\t\t\t\t\t<span class=\"elementor-toggle-icon elementor-toggle-icon-left\" aria-hidden=\"true\">\n\t\t\t\t\t\t\t\t\t\t\t\t\t\t\t<span class=\"elementor-toggle-icon-closed\"><i class=\"fas fa-caret-right\"><\/i><\/span>\n\t\t\t\t\t\t\t\t<span class=\"elementor-toggle-icon-opened\"><i class=\"elementor-toggle-icon-opened fas fa-caret-up\"><\/i><\/span>\n\t\t\t\t\t\t\t\t\t\t\t\t\t<\/span>\n\t\t\t\t\t\t\t\t\t\t\t\t<a class=\"elementor-toggle-title\" tabindex=\"0\">Confira o Comunicado sobre o reajuste no valor do m\u00b2 da documenta\u00e7\u00e3o radiol\u00f3gica<\/a>\n\t\t\t\t\t<\/div>\n\n\t\t\t\t\t<div id=\"elementor-tab-content-9751\" class=\"elementor-tab-content elementor-clearfix\" data-tab=\"1\" role=\"region\" aria-labelledby=\"elementor-tab-title-9751\"><h4>Comunicado sobre o reajuste no valor do m\u00b2 da documenta\u00e7\u00e3o radiol\u00f3gica:\u00a0<\/h4><p>O Col\u00e9gio Brasileiro de Radiologia e Diagn\u00f3stico por Imagem (CBR)\u00a0<span style=\"font-style: inherit; font-weight: inherit; color: var( --e-global-color-text ); font-family: var( --e-global-typography-text-font-family ), Sans-serif; background-color: var(--ast-global-color-5);\">comunica que, a partir de 1\u00ba de abril de 2026, utilizou o <\/span><b><span style=\"font-style: inherit; color: var( --e-global-color-text ); font-family: var( --e-global-typography-text-font-family ), Sans-serif; background-color: var(--ast-global-color-5);\">\u00cdndice\u00a0<\/span><span style=\"font-style: inherit; color: var( --e-global-color-text ); font-family: var( --e-global-typography-text-font-family ), Sans-serif; background-color: var(--ast-global-color-5);\">Nacional de Pre\u00e7os ao Consumidor Amplo (IPCA)<\/span><\/b><span style=\"font-style: inherit; font-weight: inherit; color: var( --e-global-color-text ); font-family: var( --e-global-typography-text-font-family ), Sans-serif; background-color: var(--ast-global-color-5);\">, acumulado dos\u00a0<\/span><span style=\"font-style: inherit; font-weight: inherit; color: var( --e-global-color-text ); font-family: var( --e-global-typography-text-font-family ), Sans-serif; background-color: var(--ast-global-color-5);\">\u00faltimos 12 meses, para reajustar o valor de refer\u00eancia do <\/span><b><span style=\"font-style: inherit; color: var( --e-global-color-text ); font-family: var( --e-global-typography-text-font-family ), Sans-serif; background-color: var(--ast-global-color-5);\">metro\u00a0<\/span><span style=\"font-style: inherit; color: var( --e-global-color-text ); font-family: var( --e-global-typography-text-font-family ), Sans-serif; background-color: var(--ast-global-color-5);\">quadrado do filme \/ documenta\u00e7\u00e3o<\/span><\/b><span style=\"font-style: inherit; font-weight: inherit; color: var( --e-global-color-text ); font-family: var( --e-global-typography-text-font-family ), Sans-serif; background-color: var(--ast-global-color-5);\"> dos <\/span><b><span style=\"font-style: inherit; color: var( --e-global-color-text ); font-family: var( --e-global-typography-text-font-family ), Sans-serif; background-color: var(--ast-global-color-5);\">procedimentos de\u00a0<\/span><span style=\"font-style: inherit; color: var( --e-global-color-text ); font-family: var( --e-global-typography-text-font-family ), Sans-serif; background-color: var(--ast-global-color-5);\">Radiologia e Diagn\u00f3stico por Imagem<\/span><\/b><span style=\"font-style: inherit; font-weight: inherit; color: var( --e-global-color-text ); font-family: var( --e-global-typography-text-font-family ), Sans-serif; background-color: var(--ast-global-color-5);\">.<\/span><\/p><p>O IPCA acumulado nos \u00faltimos 12 (doze) meses, com base em\u00a0<span style=\"font-style: inherit; font-weight: inherit; color: var( --e-global-color-text ); font-family: var( --e-global-typography-text-font-family ), Sans-serif; background-color: var(--ast-global-color-5);\">mar\u00e7o de 2026, foi de 4,14%. Assim o novo valor de refer\u00eancia fica <\/span><span style=\"background-color: var(--ast-global-color-5); font-style: inherit; font-weight: inherit; color: var( --e-global-color-text ); font-family: var( --e-global-typography-text-font-family ), Sans-serif;\">estabelecido em <\/span><span style=\"background-color: var(--ast-global-color-5); font-style: inherit; color: var( --e-global-color-text ); font-family: var( --e-global-typography-text-font-family ), Sans-serif;\"><b>R$ 42,17 o metro quadrado<\/b><\/span><span style=\"background-color: var(--ast-global-color-5); font-style: inherit; font-weight: inherit; color: var( --e-global-color-text ); font-family: var( --e-global-typography-text-font-family ), Sans-serif;\">.<\/span><\/p><p><span style=\"background-color: var(--ast-global-color-5); color: var( --e-global-color-text ); font-family: var( --e-global-typography-text-font-family ), Sans-serif; font-style: inherit; font-weight: inherit;\">S\u00e3o Paulo, 1\u00ba de abril de 2026<\/span><\/p><p><span style=\"font-style: inherit; font-weight: inherit; color: var( --e-global-color-text ); font-family: var( --e-global-typography-text-font-family ), Sans-serif; background-color: var(--ast-global-color-5);\">Dr. Rubens Chojniak<br \/><\/span><span style=\"font-style: inherit; font-weight: inherit; color: var( --e-global-color-text ); font-family: var( --e-global-typography-text-font-family ), Sans-serif; background-color: var(--ast-global-color-5);\">Presidente do CBR<\/span><\/p><p><a style=\"background-color: #ffffff; font-size: 1rem;\" href=\"https:\/\/abcdi.org.br\/wp-content\/uploads\/2026\/04\/2026_Comunicado-valor-metro-quadrado-do-filme-documentacao-radiologica-2.pdf\" target=\"_blank\" rel=\"noopener\">Clique aqui<\/a>\u00a0e fa\u00e7a do download do comunicado.<span style=\"font-style: inherit; font-weight: inherit; color: var( --e-global-color-text ); font-family: var( --e-global-typography-text-font-family ), Sans-serif; background-color: var(--ast-global-color-5);\"><br \/><\/span><\/p><\/div>\n\t\t\t\t<\/div>\n\t\t\t\t\t\t\t\t<\/div>\n\t\t\t\t\t\t<\/div>\n\t\t\t\t<\/div>\n\t\t\t\t<div class=\"elementor-element elementor-element-9ea5330 elementor-align-left elementor-widget elementor-widget-button\" data-id=\"9ea5330\" data-element_type=\"widget\" data-e-type=\"widget\" data-widget_type=\"button.default\">\n\t\t\t\t<div class=\"elementor-widget-container\">\n\t\t\t\t\t\t\t\t\t<div class=\"elementor-button-wrapper\">\n\t\t\t\t\t<a class=\"elementor-button elementor-button-link elementor-size-md\" href=\"https:\/\/abcdi.org.br\/wp-content\/uploads\/2024\/02\/CBHPM-22.pdf\">\n\t\t\t\t\t\t<span class=\"elementor-button-content-wrapper\">\n\t\t\t\t\t\t\t\t\t<span class=\"elementor-button-text\">Confira Tabela CBHPM 2022<\/span>\n\t\t\t\t\t<\/span>\n\t\t\t\t\t<\/a>\n\t\t\t\t<\/div>\n\t\t\t\t\t\t\t\t<\/div>\n\t\t\t\t<\/div>\n\t\t\t\t\t<\/div>\n\t\t<\/div>\n\t\t\t\t\t<\/div>\n\t\t<\/section>\n\t\t\t\t<section class=\"elementor-section elementor-top-section elementor-element elementor-element-a4565f4 elementor-section-boxed elementor-section-height-default elementor-section-height-default\" data-id=\"a4565f4\" data-element_type=\"section\" data-e-type=\"section\">\n\t\t\t\t\t\t<div class=\"elementor-container elementor-column-gap-default\">\n\t\t\t\t\t<div class=\"elementor-column elementor-col-100 elementor-top-column elementor-element elementor-element-7a3c812\" data-id=\"7a3c812\" data-element_type=\"column\" data-e-type=\"column\">\n\t\t\t<div class=\"elementor-widget-wrap elementor-element-populated\">\n\t\t\t\t\t\t<div class=\"elementor-element elementor-element-7382316 elementor-widget elementor-widget-spacer\" data-id=\"7382316\" data-element_type=\"widget\" data-e-type=\"widget\" data-widget_type=\"spacer.default\">\n\t\t\t\t<div class=\"elementor-widget-container\">\n\t\t\t\t\t\t\t<div class=\"elementor-spacer\">\n\t\t\t<div class=\"elementor-spacer-inner\"><\/div>\n\t\t<\/div>\n\t\t\t\t\t\t<\/div>\n\t\t\t\t<\/div>\n\t\t\t\t\t<\/div>\n\t\t<\/div>\n\t\t\t\t\t<\/div>\n\t\t<\/section>\n\t\t\t\t<\/div>\n\t\t","protected":false},"excerpt":{"rendered":"<p>Classifica\u00e7\u00e3o Brasileira Hierarquizada de Procedimentos M\u00e9dicos (CBHPM) A Associa\u00e7\u00e3o M\u00e9dica Brasileira (AMB) por meio do Comunicado Oficial da CBHPM, publicado em 18\/10\/2025, corrigiu os valores de Porte e UCO vigentes da CBHPM, utilizando como refer\u00eancia para atualiza\u00e7\u00e3o o INPC\/IBGE do per\u00edodo, que corresponde a 5,10%, associado aos devidos ajustes para a corre\u00e7\u00e3o da curva de [&hellip;]<\/p>\n","protected":false},"author":1,"featured_media":0,"parent":0,"menu_order":0,"comment_status":"closed","ping_status":"closed","template":"","meta":{"site-sidebar-layout":"no-sidebar","site-content-layout":"page-builder","ast-site-content-layout":"default","site-content-style":"default","site-sidebar-style":"default","ast-global-header-display":"","ast-banner-title-visibility":"","ast-main-header-display":"","ast-hfb-above-header-display":"","ast-hfb-below-header-display":"","ast-hfb-mobile-header-display":"","site-post-title":"disabled","ast-breadcrumbs-content":"","ast-featured-img":"disabled","footer-sml-layout":"","ast-disable-related-posts":"","theme-transparent-header-meta":"","adv-header-id-meta":"","stick-header-meta":"","header-above-stick-meta":"","header-main-stick-meta":"","header-below-stick-meta":"","astra-migrate-meta-layouts":"default","ast-page-background-enabled":"default","ast-page-background-meta":{"desktop":{"background-color":"var(--ast-global-color-4)","background-image":"","background-repeat":"repeat","background-position":"center center","background-size":"auto","background-attachment":"scroll","background-type":"","background-media":"","overlay-type":"","overlay-color":"","overlay-opacity":"","overlay-gradient":""},"tablet":{"background-color":"","background-image":"","background-repeat":"repeat","background-position":"center center","background-size":"auto","background-attachment":"scroll","background-type":"","background-media":"","overlay-type":"","overlay-color":"","overlay-opacity":"","overlay-gradient":""},"mobile":{"background-color":"","background-image":"","background-repeat":"repeat","background-position":"center center","background-size":"auto","background-attachment":"scroll","background-type":"","background-media":"","overlay-type":"","overlay-color":"","overlay-opacity":"","overlay-gradient":""}},"ast-content-background-meta":{"desktop":{"background-color":"var(--ast-global-color-5)","background-image":"","background-repeat":"repeat","background-position":"center center","background-size":"auto","background-attachment":"scroll","background-type":"","background-media":"","overlay-type":"","overlay-color":"","overlay-opacity":"","overlay-gradient":""},"tablet":{"background-color":"var(--ast-global-color-5)","background-image":"","background-repeat":"repeat","background-position":"center center","background-size":"auto","background-attachment":"scroll","background-type":"","background-media":"","overlay-type":"","overlay-color":"","overlay-opacity":"","overlay-gradient":""},"mobile":{"background-color":"var(--ast-global-color-5)","background-image":"","background-repeat":"repeat","background-position":"center center","background-size":"auto","background-attachment":"scroll","background-type":"","background-media":"","overlay-type":"","overlay-color":"","overlay-opacity":"","overlay-gradient":""}},"footnotes":""},"class_list":["post-926","page","type-page","status-publish","hentry"],"yoast_head":"<!-- This site is optimized with the Yoast SEO plugin v27.5 - https:\/\/yoast.com\/product\/yoast-seo-wordpress\/ -->\n<title>Tabela CBHPM<\/title>\n<meta name=\"description\" content=\"A Associa\u00e7\u00e3o M\u00e9dica Brasileira (AMB) atrav\u00e9s do Comunicado Oficial da CBHPM, publicado em 18\/10\/2021, corrigiu os valores de Porte e UCO vigentes da CBHPM, utilizando como refer\u00eancia para atualiza\u00e7\u00e3o o INPC\/IBGE do per\u00edodo, que corresponde a 10,78%, associado aos devidos ajustes para a corre\u00e7\u00e3o da curva de ascens\u00e3o dos valores referenciais dos servi\u00e7os m\u00e9dicos, resultando em diferentes percentuais de reajustes nos Portes de Procedimentos. O novo valor de refer\u00eancia para o porte \u00e9 1 UCO = R$ 24,24.\" \/>\n<meta name=\"robots\" content=\"index, follow, max-snippet:-1, max-image-preview:large, max-video-preview:-1\" \/>\n<link rel=\"canonical\" href=\"https:\/\/abcdi.org.br\/index.php\/cbhpm\/\" \/>\n<meta property=\"og:locale\" content=\"pt_BR\" \/>\n<meta property=\"og:type\" content=\"article\" \/>\n<meta property=\"og:title\" content=\"Tabela CBHPM\" \/>\n<meta property=\"og:description\" content=\"A Associa\u00e7\u00e3o M\u00e9dica Brasileira (AMB) atrav\u00e9s do Comunicado Oficial da CBHPM, publicado em 18\/10\/2021, corrigiu os valores de Porte e UCO vigentes da CBHPM, utilizando como refer\u00eancia para atualiza\u00e7\u00e3o o INPC\/IBGE do per\u00edodo, que corresponde a 10,78%, associado aos devidos ajustes para a corre\u00e7\u00e3o da curva de ascens\u00e3o dos valores referenciais dos servi\u00e7os m\u00e9dicos, resultando em diferentes percentuais de reajustes nos Portes de Procedimentos. O novo valor de refer\u00eancia para o porte \u00e9 1 UCO = R$ 24,24.\" \/>\n<meta property=\"og:url\" content=\"https:\/\/abcdi.org.br\/index.php\/cbhpm\/\" \/>\n<meta property=\"article:modified_time\" content=\"2026-04-10T20:13:26+00:00\" \/>\n<meta property=\"og:image\" content=\"https:\/\/abcdi.org.br\/wp-content\/uploads\/2023\/07\/CBHPM-2022.png\" \/>\n\t<meta property=\"og:image:width\" content=\"133\" \/>\n\t<meta property=\"og:image:height\" content=\"174\" \/>\n\t<meta property=\"og:image:type\" content=\"image\/png\" \/>\n<meta name=\"twitter:card\" content=\"summary_large_image\" \/>\n<meta name=\"twitter:label1\" content=\"Est. tempo de leitura\" \/>\n\t<meta name=\"twitter:data1\" content=\"2 minutos\" \/>\n<script type=\"application\/ld+json\" class=\"yoast-schema-graph\">{\"@context\":\"https:\\\/\\\/schema.org\",\"@graph\":[{\"@type\":\"WebPage\",\"@id\":\"https:\\\/\\\/abcdi.org.br\\\/index.php\\\/cbhpm\\\/\",\"url\":\"https:\\\/\\\/abcdi.org.br\\\/index.php\\\/cbhpm\\\/\",\"name\":\"Tabela CBHPM\",\"isPartOf\":{\"@id\":\"https:\\\/\\\/abcdi.org.br\\\/#website\"},\"primaryImageOfPage\":{\"@id\":\"https:\\\/\\\/abcdi.org.br\\\/index.php\\\/cbhpm\\\/#primaryimage\"},\"image\":{\"@id\":\"https:\\\/\\\/abcdi.org.br\\\/index.php\\\/cbhpm\\\/#primaryimage\"},\"thumbnailUrl\":\"https:\\\/\\\/abcdi.org.br\\\/wp-content\\\/uploads\\\/2023\\\/07\\\/CBHPM-2022.png\",\"datePublished\":\"2022-02-08T20:26:09+00:00\",\"dateModified\":\"2026-04-10T20:13:26+00:00\",\"description\":\"A Associa\u00e7\u00e3o M\u00e9dica Brasileira (AMB) atrav\u00e9s do Comunicado Oficial da CBHPM, publicado em 18\\\/10\\\/2021, corrigiu os valores de Porte e UCO vigentes da CBHPM, utilizando como refer\u00eancia para atualiza\u00e7\u00e3o o INPC\\\/IBGE do per\u00edodo, que corresponde a 10,78%, associado aos devidos ajustes para a corre\u00e7\u00e3o da curva de ascens\u00e3o dos valores referenciais dos servi\u00e7os m\u00e9dicos, resultando em diferentes percentuais de reajustes nos Portes de Procedimentos. O novo valor de refer\u00eancia para o porte \u00e9 1 UCO = R$ 24,24.\",\"breadcrumb\":{\"@id\":\"https:\\\/\\\/abcdi.org.br\\\/index.php\\\/cbhpm\\\/#breadcrumb\"},\"inLanguage\":\"pt-BR\",\"potentialAction\":[{\"@type\":\"ReadAction\",\"target\":[\"https:\\\/\\\/abcdi.org.br\\\/index.php\\\/cbhpm\\\/\"]}]},{\"@type\":\"ImageObject\",\"inLanguage\":\"pt-BR\",\"@id\":\"https:\\\/\\\/abcdi.org.br\\\/index.php\\\/cbhpm\\\/#primaryimage\",\"url\":\"https:\\\/\\\/abcdi.org.br\\\/wp-content\\\/uploads\\\/2023\\\/07\\\/CBHPM-2022.png\",\"contentUrl\":\"https:\\\/\\\/abcdi.org.br\\\/wp-content\\\/uploads\\\/2023\\\/07\\\/CBHPM-2022.png\",\"width\":133,\"height\":174},{\"@type\":\"BreadcrumbList\",\"@id\":\"https:\\\/\\\/abcdi.org.br\\\/index.php\\\/cbhpm\\\/#breadcrumb\",\"itemListElement\":[{\"@type\":\"ListItem\",\"position\":1,\"name\":\"In\u00edcio\",\"item\":\"https:\\\/\\\/abcdi.org.br\\\/\"},{\"@type\":\"ListItem\",\"position\":2,\"name\":\"CBHPM\"}]},{\"@type\":\"WebSite\",\"@id\":\"https:\\\/\\\/abcdi.org.br\\\/#website\",\"url\":\"https:\\\/\\\/abcdi.org.br\\\/\",\"name\":\"\",\"description\":\"ABCDI - Associa\u00e7\u00e3o Brasileira de Cl\u00ednicas de Diagnostico por Imagem\",\"potentialAction\":[{\"@type\":\"SearchAction\",\"target\":{\"@type\":\"EntryPoint\",\"urlTemplate\":\"https:\\\/\\\/abcdi.org.br\\\/?s={search_term_string}\"},\"query-input\":{\"@type\":\"PropertyValueSpecification\",\"valueRequired\":true,\"valueName\":\"search_term_string\"}}],\"inLanguage\":\"pt-BR\"}]}<\/script>\n<!-- \/ Yoast SEO plugin. -->","yoast_head_json":{"title":"Tabela CBHPM","description":"A Associa\u00e7\u00e3o M\u00e9dica Brasileira (AMB) atrav\u00e9s do Comunicado Oficial da CBHPM, publicado em 18\/10\/2021, corrigiu os valores de Porte e UCO vigentes da CBHPM, utilizando como refer\u00eancia para atualiza\u00e7\u00e3o o INPC\/IBGE do per\u00edodo, que corresponde a 10,78%, associado aos devidos ajustes para a corre\u00e7\u00e3o da curva de ascens\u00e3o dos valores referenciais dos servi\u00e7os m\u00e9dicos, resultando em diferentes percentuais de reajustes nos Portes de Procedimentos. O novo valor de refer\u00eancia para o porte \u00e9 1 UCO = R$ 24,24.","robots":{"index":"index","follow":"follow","max-snippet":"max-snippet:-1","max-image-preview":"max-image-preview:large","max-video-preview":"max-video-preview:-1"},"canonical":"https:\/\/abcdi.org.br\/index.php\/cbhpm\/","og_locale":"pt_BR","og_type":"article","og_title":"Tabela CBHPM","og_description":"A Associa\u00e7\u00e3o M\u00e9dica Brasileira (AMB) atrav\u00e9s do Comunicado Oficial da CBHPM, publicado em 18\/10\/2021, corrigiu os valores de Porte e UCO vigentes da CBHPM, utilizando como refer\u00eancia para atualiza\u00e7\u00e3o o INPC\/IBGE do per\u00edodo, que corresponde a 10,78%, associado aos devidos ajustes para a corre\u00e7\u00e3o da curva de ascens\u00e3o dos valores referenciais dos servi\u00e7os m\u00e9dicos, resultando em diferentes percentuais de reajustes nos Portes de Procedimentos. O novo valor de refer\u00eancia para o porte \u00e9 1 UCO = R$ 24,24.","og_url":"https:\/\/abcdi.org.br\/index.php\/cbhpm\/","article_modified_time":"2026-04-10T20:13:26+00:00","og_image":[{"width":133,"height":174,"url":"https:\/\/abcdi.org.br\/wp-content\/uploads\/2023\/07\/CBHPM-2022.png","type":"image\/png"}],"twitter_card":"summary_large_image","twitter_misc":{"Est. tempo de leitura":"2 minutos"},"schema":{"@context":"https:\/\/schema.org","@graph":[{"@type":"WebPage","@id":"https:\/\/abcdi.org.br\/index.php\/cbhpm\/","url":"https:\/\/abcdi.org.br\/index.php\/cbhpm\/","name":"Tabela CBHPM","isPartOf":{"@id":"https:\/\/abcdi.org.br\/#website"},"primaryImageOfPage":{"@id":"https:\/\/abcdi.org.br\/index.php\/cbhpm\/#primaryimage"},"image":{"@id":"https:\/\/abcdi.org.br\/index.php\/cbhpm\/#primaryimage"},"thumbnailUrl":"https:\/\/abcdi.org.br\/wp-content\/uploads\/2023\/07\/CBHPM-2022.png","datePublished":"2022-02-08T20:26:09+00:00","dateModified":"2026-04-10T20:13:26+00:00","description":"A Associa\u00e7\u00e3o M\u00e9dica Brasileira (AMB) atrav\u00e9s do Comunicado Oficial da CBHPM, publicado em 18\/10\/2021, corrigiu os valores de Porte e UCO vigentes da CBHPM, utilizando como refer\u00eancia para atualiza\u00e7\u00e3o o INPC\/IBGE do per\u00edodo, que corresponde a 10,78%, associado aos devidos ajustes para a corre\u00e7\u00e3o da curva de ascens\u00e3o dos valores referenciais dos servi\u00e7os m\u00e9dicos, resultando em diferentes percentuais de reajustes nos Portes de Procedimentos. O novo valor de refer\u00eancia para o porte \u00e9 1 UCO = R$ 24,24.","breadcrumb":{"@id":"https:\/\/abcdi.org.br\/index.php\/cbhpm\/#breadcrumb"},"inLanguage":"pt-BR","potentialAction":[{"@type":"ReadAction","target":["https:\/\/abcdi.org.br\/index.php\/cbhpm\/"]}]},{"@type":"ImageObject","inLanguage":"pt-BR","@id":"https:\/\/abcdi.org.br\/index.php\/cbhpm\/#primaryimage","url":"https:\/\/abcdi.org.br\/wp-content\/uploads\/2023\/07\/CBHPM-2022.png","contentUrl":"https:\/\/abcdi.org.br\/wp-content\/uploads\/2023\/07\/CBHPM-2022.png","width":133,"height":174},{"@type":"BreadcrumbList","@id":"https:\/\/abcdi.org.br\/index.php\/cbhpm\/#breadcrumb","itemListElement":[{"@type":"ListItem","position":1,"name":"In\u00edcio","item":"https:\/\/abcdi.org.br\/"},{"@type":"ListItem","position":2,"name":"CBHPM"}]},{"@type":"WebSite","@id":"https:\/\/abcdi.org.br\/#website","url":"https:\/\/abcdi.org.br\/","name":"","description":"ABCDI - Associa\u00e7\u00e3o Brasileira de Cl\u00ednicas de Diagnostico por Imagem","potentialAction":[{"@type":"SearchAction","target":{"@type":"EntryPoint","urlTemplate":"https:\/\/abcdi.org.br\/?s={search_term_string}"},"query-input":{"@type":"PropertyValueSpecification","valueRequired":true,"valueName":"search_term_string"}}],"inLanguage":"pt-BR"}]}},"_links":{"self":[{"href":"https:\/\/abcdi.org.br\/index.php\/wp-json\/wp\/v2\/pages\/926","targetHints":{"allow":["GET"]}}],"collection":[{"href":"https:\/\/abcdi.org.br\/index.php\/wp-json\/wp\/v2\/pages"}],"about":[{"href":"https:\/\/abcdi.org.br\/index.php\/wp-json\/wp\/v2\/types\/page"}],"author":[{"embeddable":true,"href":"https:\/\/abcdi.org.br\/index.php\/wp-json\/wp\/v2\/users\/1"}],"replies":[{"embeddable":true,"href":"https:\/\/abcdi.org.br\/index.php\/wp-json\/wp\/v2\/comments?post=926"}],"version-history":[{"count":136,"href":"https:\/\/abcdi.org.br\/index.php\/wp-json\/wp\/v2\/pages\/926\/revisions"}],"predecessor-version":[{"id":7909,"href":"https:\/\/abcdi.org.br\/index.php\/wp-json\/wp\/v2\/pages\/926\/revisions\/7909"}],"wp:attachment":[{"href":"https:\/\/abcdi.org.br\/index.php\/wp-json\/wp\/v2\/media?parent=926"}],"curies":[{"name":"wp","href":"https:\/\/api.w.org\/{rel}","templated":true}]}}