
{"id":6755,"date":"2025-02-14T09:53:13","date_gmt":"2025-02-14T12:53:13","guid":{"rendered":"https:\/\/abcdi.org.br\/?page_id=6755"},"modified":"2026-01-22T15:33:59","modified_gmt":"2026-01-22T18:33:59","slug":"cursos-operacionais","status":"publish","type":"page","link":"https:\/\/abcdi.org.br\/index.php\/cursos-operacionais\/","title":{"rendered":"Cursos Operacionais"},"content":{"rendered":"\t\t<div data-elementor-type=\"wp-page\" data-elementor-id=\"6755\" class=\"elementor elementor-6755\" data-elementor-post-type=\"page\">\n\t\t\t\t\t\t<section class=\"elementor-section elementor-top-section elementor-element elementor-element-bf943d8 elementor-section-full_width elementor-section-stretched elementor-section-height-default elementor-section-height-default\" data-id=\"bf943d8\" data-element_type=\"section\" data-settings=\"{&quot;stretch_section&quot;:&quot;section-stretched&quot;}\">\n\t\t\t\t\t\t<div class=\"elementor-container elementor-column-gap-no\">\n\t\t\t\t\t<div class=\"elementor-column elementor-col-100 elementor-top-column elementor-element elementor-element-804fc75\" data-id=\"804fc75\" data-element_type=\"column\">\n\t\t\t<div class=\"elementor-widget-wrap elementor-element-populated\">\n\t\t\t\t\t\t<div class=\"elementor-element elementor-element-ff9f3d8 elementor-widget elementor-widget-image\" data-id=\"ff9f3d8\" data-element_type=\"widget\" data-widget_type=\"image.default\">\n\t\t\t\t<div class=\"elementor-widget-container\">\n\t\t\t\t\t\t\t\t\t\t\t\t\t\t\t<img decoding=\"async\" src=\"https:\/\/abcdi.org.br\/wp-content\/uploads\/2025\/02\/banner-site-ABCDI_Cursos-Operacionais.jpg\" title=\"banner site ABCDI_Cursos Operacionais\" alt=\"banner site ABCDI_Cursos Operacionais\" loading=\"lazy\" \/>\t\t\t\t\t\t\t\t\t\t\t\t\t\t\t<\/div>\n\t\t\t\t<\/div>\n\t\t\t\t\t<\/div>\n\t\t<\/div>\n\t\t\t\t\t<\/div>\n\t\t<\/section>\n\t\t\t\t<section class=\"elementor-section elementor-top-section elementor-element elementor-element-d168038 elementor-section-boxed elementor-section-height-default elementor-section-height-default\" data-id=\"d168038\" data-element_type=\"section\">\n\t\t\t\t\t\t<div class=\"elementor-container elementor-column-gap-default\">\n\t\t\t\t\t<div class=\"elementor-column elementor-col-100 elementor-top-column elementor-element elementor-element-7bb6670\" data-id=\"7bb6670\" data-element_type=\"column\">\n\t\t\t<div class=\"elementor-widget-wrap elementor-element-populated\">\n\t\t\t\t\t\t<div class=\"elementor-element elementor-element-f23d9c2 elementor-widget elementor-widget-heading\" data-id=\"f23d9c2\" data-element_type=\"widget\" data-widget_type=\"heading.default\">\n\t\t\t\t<div class=\"elementor-widget-container\">\n\t\t\t\t\t<h2 class=\"elementor-heading-title elementor-size-default\">Cursos Operacionais<\/h2>\t\t\t\t<\/div>\n\t\t\t\t<\/div>\n\t\t\t\t\t<\/div>\n\t\t<\/div>\n\t\t\t\t\t<\/div>\n\t\t<\/section>\n\t\t\t\t<section class=\"elementor-section elementor-top-section elementor-element elementor-element-09022f2 elementor-section-boxed elementor-section-height-default elementor-section-height-default\" data-id=\"09022f2\" data-element_type=\"section\">\n\t\t\t\t\t\t<div class=\"elementor-container elementor-column-gap-default\">\n\t\t\t\t\t<div class=\"elementor-column elementor-col-100 elementor-top-column elementor-element elementor-element-268c7be\" data-id=\"268c7be\" data-element_type=\"column\">\n\t\t\t<div class=\"elementor-widget-wrap elementor-element-populated\">\n\t\t\t\t\t\t<div class=\"elementor-element elementor-element-ff2bd63 elementor-widget elementor-widget-text-editor\" data-id=\"ff2bd63\" data-element_type=\"widget\" data-widget_type=\"text-editor.default\">\n\t\t\t\t<div class=\"elementor-widget-container\">\n\t\t\t\t\t\t\t\t\t<h5 style=\"text-align: center;\">Online \u00e0s ter\u00e7as-feiras das 19h30 \u00e0s 22h30 (mais rodada de perguntas)<br \/>S\u00f3cios CBR ou ABCDI:\u00a0R$ 185,00\u00a0 \u2013 N\u00e3o S\u00f3cios:\u00a0R$ 250,00<\/h5>\t\t\t\t\t\t\t\t<\/div>\n\t\t\t\t<\/div>\n\t\t\t\t\t<\/div>\n\t\t<\/div>\n\t\t\t\t\t<\/div>\n\t\t<\/section>\n\t\t\t\t<section class=\"elementor-section elementor-top-section elementor-element elementor-element-e01c306 elementor-section-boxed elementor-section-height-default elementor-section-height-default\" data-id=\"e01c306\" data-element_type=\"section\">\n\t\t\t\t\t\t<div class=\"elementor-container elementor-column-gap-default\">\n\t\t\t\t\t<div class=\"elementor-column elementor-col-100 elementor-top-column elementor-element elementor-element-21a10f0\" data-id=\"21a10f0\" data-element_type=\"column\">\n\t\t\t<div class=\"elementor-widget-wrap elementor-element-populated\">\n\t\t\t\t\t\t<div class=\"elementor-element elementor-element-617c1c1 elementor-widget elementor-widget-text-editor\" data-id=\"617c1c1\" data-element_type=\"widget\" data-widget_type=\"text-editor.default\">\n\t\t\t\t<div class=\"elementor-widget-container\">\n\t\t\t\t\t\t\t\t\t<p>Os Cursos Operacionais da ABCDI s\u00e3o treinamentos pr\u00e1ticos e objetivos voltados para a qualifica\u00e7\u00e3o de equipes e a otimiza\u00e7\u00e3o da gest\u00e3o em cl\u00ednicas de diagn\u00f3stico por imagem. Com conte\u00fados desenvolvidos por especialistas, os cursos abordam temas essenciais para a efici\u00eancia operacional, aprimoramento de processos e excel\u00eancia no atendimento.<\/p><p>Ideal para profissionais que buscam atualiza\u00e7\u00e3o e melhores pr\u00e1ticas no setor, os cursos oferecem conhecimentos aplic\u00e1veis no dia a dia, contribuindo para a melhoria dos resultados e a qualidade dos servi\u00e7os prestados.<\/p>\t\t\t\t\t\t\t\t<\/div>\n\t\t\t\t<\/div>\n\t\t\t\t\t<\/div>\n\t\t<\/div>\n\t\t\t\t\t<\/div>\n\t\t<\/section>\n\t\t\t\t<section class=\"elementor-section elementor-top-section elementor-element elementor-element-bf54b47 elementor-section-boxed elementor-section-height-default elementor-section-height-default\" data-id=\"bf54b47\" data-element_type=\"section\">\n\t\t\t\t\t\t<div class=\"elementor-container elementor-column-gap-default\">\n\t\t\t\t\t<div class=\"elementor-column elementor-col-33 elementor-top-column elementor-element elementor-element-cfc9801\" data-id=\"cfc9801\" data-element_type=\"column\">\n\t\t\t<div class=\"elementor-widget-wrap elementor-element-populated\">\n\t\t\t\t\t\t<div class=\"elementor-element elementor-element-3876aa9 elementor-widget elementor-widget-image\" data-id=\"3876aa9\" data-element_type=\"widget\" data-settings=\"{&quot;_animation&quot;:&quot;none&quot;}\" data-widget_type=\"image.default\">\n\t\t\t\t<div class=\"elementor-widget-container\">\n\t\t\t\t\t\t\t\t\t\t\t\t\t\t\t\t<a href=\"https:\/\/cursosonline.cbr.org.br\/curso\/aspectos-societarios-de-sociedades-medicas-e-holdings-familiares\/\">\n\t\t\t\t\t\t\t<img fetchpriority=\"high\" decoding=\"async\" width=\"360\" height=\"231\" src=\"https:\/\/abcdi.org.br\/wp-content\/uploads\/2026\/01\/bannerABCDI_Aspectos-Societarios-de-Sociedades-Medicas-e-Holdings-Familiares.jpg\" class=\"attachment-large size-large wp-image-7743\" alt=\"\" srcset=\"https:\/\/abcdi.org.br\/wp-content\/uploads\/2026\/01\/bannerABCDI_Aspectos-Societarios-de-Sociedades-Medicas-e-Holdings-Familiares.jpg 360w, https:\/\/abcdi.org.br\/wp-content\/uploads\/2026\/01\/bannerABCDI_Aspectos-Societarios-de-Sociedades-Medicas-e-Holdings-Familiares-300x193.jpg 300w\" sizes=\"(max-width: 360px) 100vw, 360px\" \/>\t\t\t\t\t\t\t\t<\/a>\n\t\t\t\t\t\t\t\t\t\t\t\t\t\t\t<\/div>\n\t\t\t\t<\/div>\n\t\t\t\t\t<\/div>\n\t\t<\/div>\n\t\t\t\t<div class=\"elementor-column elementor-col-33 elementor-top-column elementor-element elementor-element-45fba36\" data-id=\"45fba36\" data-element_type=\"column\">\n\t\t\t<div class=\"elementor-widget-wrap elementor-element-populated\">\n\t\t\t\t\t\t<div class=\"elementor-element elementor-element-d57d1f5 elementor-widget elementor-widget-image\" data-id=\"d57d1f5\" data-element_type=\"widget\" data-widget_type=\"image.default\">\n\t\t\t\t<div class=\"elementor-widget-container\">\n\t\t\t\t\t\t\t\t\t\t\t\t\t\t\t\t<a href=\"https:\/\/cursosonline.cbr.org.br\/curso\/2026-pontos-de-atencao-da-terceirizacao-tecnica-nos-exames-de-imagem\/\">\n\t\t\t\t\t\t\t<img decoding=\"async\" width=\"360\" height=\"231\" src=\"https:\/\/abcdi.org.br\/wp-content\/uploads\/2026\/01\/bannerABCDI_Pontos-de-Atencao-da-Terceirizacao-Tecnica.jpg\" class=\"attachment-large size-large wp-image-7683\" alt=\"\" srcset=\"https:\/\/abcdi.org.br\/wp-content\/uploads\/2026\/01\/bannerABCDI_Pontos-de-Atencao-da-Terceirizacao-Tecnica.jpg 360w, https:\/\/abcdi.org.br\/wp-content\/uploads\/2026\/01\/bannerABCDI_Pontos-de-Atencao-da-Terceirizacao-Tecnica-300x193.jpg 300w\" sizes=\"(max-width: 360px) 100vw, 360px\" \/>\t\t\t\t\t\t\t\t<\/a>\n\t\t\t\t\t\t\t\t\t\t\t\t\t\t\t<\/div>\n\t\t\t\t<\/div>\n\t\t\t\t\t<\/div>\n\t\t<\/div>\n\t\t\t\t<div class=\"elementor-column elementor-col-33 elementor-top-column elementor-element elementor-element-0a15dd3\" data-id=\"0a15dd3\" data-element_type=\"column\">\n\t\t\t<div class=\"elementor-widget-wrap elementor-element-populated\">\n\t\t\t\t\t\t<div class=\"elementor-element elementor-element-251b23f elementor-widget elementor-widget-image\" data-id=\"251b23f\" data-element_type=\"widget\" data-widget_type=\"image.default\">\n\t\t\t\t<div class=\"elementor-widget-container\">\n\t\t\t\t\t\t\t\t\t\t\t\t\t\t\t\t<a href=\"https:\/\/cursosonline.cbr.org.br\/curso\/2026-gestao-de-indicadores-e-campanhas-motivacionais-para-call-center\/\">\n\t\t\t\t\t\t\t<img decoding=\"async\" width=\"360\" height=\"231\" src=\"https:\/\/abcdi.org.br\/wp-content\/uploads\/2026\/01\/bannerABCDI_Gestao-de-Indicadores-e-Campanhas-Motivacionais-para-Call-Center.jpg\" class=\"attachment-large size-large wp-image-7684\" alt=\"\" srcset=\"https:\/\/abcdi.org.br\/wp-content\/uploads\/2026\/01\/bannerABCDI_Gestao-de-Indicadores-e-Campanhas-Motivacionais-para-Call-Center.jpg 360w, https:\/\/abcdi.org.br\/wp-content\/uploads\/2026\/01\/bannerABCDI_Gestao-de-Indicadores-e-Campanhas-Motivacionais-para-Call-Center-300x193.jpg 300w\" sizes=\"(max-width: 360px) 100vw, 360px\" \/>\t\t\t\t\t\t\t\t<\/a>\n\t\t\t\t\t\t\t\t\t\t\t\t\t\t\t<\/div>\n\t\t\t\t<\/div>\n\t\t\t\t\t<\/div>\n\t\t<\/div>\n\t\t\t\t\t<\/div>\n\t\t<\/section>\n\t\t\t\t<section class=\"elementor-section elementor-top-section elementor-element elementor-element-5bddd65 elementor-section-boxed elementor-section-height-default elementor-section-height-default\" data-id=\"5bddd65\" data-element_type=\"section\">\n\t\t\t\t\t\t<div class=\"elementor-container elementor-column-gap-default\">\n\t\t\t\t\t<div class=\"elementor-column elementor-col-100 elementor-top-column elementor-element elementor-element-6632800\" data-id=\"6632800\" data-element_type=\"column\">\n\t\t\t<div class=\"elementor-widget-wrap elementor-element-populated\">\n\t\t\t\t\t\t<div class=\"elementor-element elementor-element-2371ad4 elementor-widget elementor-widget-spacer\" data-id=\"2371ad4\" data-element_type=\"widget\" data-widget_type=\"spacer.default\">\n\t\t\t\t<div class=\"elementor-widget-container\">\n\t\t\t\t\t\t\t<div class=\"elementor-spacer\">\n\t\t\t<div class=\"elementor-spacer-inner\"><\/div>\n\t\t<\/div>\n\t\t\t\t\t\t<\/div>\n\t\t\t\t<\/div>\n\t\t\t\t<div class=\"elementor-element elementor-element-a5d96af elementor-align-center elementor-widget elementor-widget-button\" data-id=\"a5d96af\" data-element_type=\"widget\" data-widget_type=\"button.default\">\n\t\t\t\t<div class=\"elementor-widget-container\">\n\t\t\t\t\t\t\t\t\t<div class=\"elementor-button-wrapper\">\n\t\t\t\t\t<a class=\"elementor-button elementor-button-link elementor-size-sm\" href=\"https:\/\/cursosonline.cbr.org.br\/curso\/curso-operacional-junho-2025\/\">\n\t\t\t\t\t\t<span class=\"elementor-button-content-wrapper\">\n\t\t\t\t\t\t\t\t\t<span class=\"elementor-button-text\">Participe conosco!<\/span>\n\t\t\t\t\t<\/span>\n\t\t\t\t\t<\/a>\n\t\t\t\t<\/div>\n\t\t\t\t\t\t\t\t<\/div>\n\t\t\t\t<\/div>\n\t\t\t\t\t<\/div>\n\t\t<\/div>\n\t\t\t\t\t<\/div>\n\t\t<\/section>\n\t\t\t\t<\/div>\n\t\t","protected":false},"excerpt":{"rendered":"<p> &hellip;<\/p>\n<p class=\"read-more\"> <a class=\"\" href=\"https:\/\/abcdi.org.br\/index.php\/cursos-operacionais\/\"> <span class=\"screen-reader-text\">Cursos Operacionais<\/span> Leia mais &raquo;<\/a><\/p>\n","protected":false},"author":286,"featured_media":0,"parent":0,"menu_order":0,"comment_status":"closed","ping_status":"closed","template":"","meta":{"_acf_changed":false,"site-sidebar-layout":"no-sidebar","site-content-layout":"page-builder","ast-main-header-display":"","ast-hfb-above-header-display":"","ast-hfb-below-header-display":"","ast-hfb-mobile-header-display":"","site-post-title":"disabled","ast-breadcrumbs-content":"","ast-featured-img":"disabled","footer-sml-layout":"","theme-transparent-header-meta":"","adv-header-id-meta":"","stick-header-meta":"","header-above-stick-meta":"","header-main-stick-meta":"","header-below-stick-meta":"","footnotes":""},"class_list":["post-6755","page","type-page","status-publish","hentry"],"acf":[],"yoast_head":"<!-- This site is optimized with the Yoast SEO plugin v25.9 - https:\/\/yoast.com\/wordpress\/plugins\/seo\/ -->\n<title>Cursos Operacionais -<\/title>\n<meta name=\"robots\" content=\"index, follow, max-snippet:-1, max-image-preview:large, max-video-preview:-1\" \/>\n<link rel=\"canonical\" href=\"https:\/\/abcdi.org.br\/index.php\/cursos-operacionais\/\" \/>\n<meta property=\"og:locale\" content=\"pt_BR\" \/>\n<meta property=\"og:type\" content=\"article\" \/>\n<meta property=\"og:title\" content=\"Cursos Operacionais -\" \/>\n<meta property=\"og:description\" content=\"&hellip; Cursos Operacionais Leia mais &raquo;\" \/>\n<meta property=\"og:url\" content=\"https:\/\/abcdi.org.br\/index.php\/cursos-operacionais\/\" \/>\n<meta property=\"article:modified_time\" content=\"2026-01-22T18:33:59+00:00\" \/>\n<meta property=\"og:image\" content=\"https:\/\/abcdi.org.br\/wp-content\/uploads\/2025\/02\/banner-site-ABCDI_Cursos-Operacionais.jpg\" \/>\n<meta name=\"twitter:card\" content=\"summary_large_image\" \/>\n<meta name=\"twitter:label1\" content=\"Est. tempo de leitura\" \/>\n\t<meta name=\"twitter:data1\" content=\"2 minutos\" \/>\n<script type=\"application\/ld+json\" class=\"yoast-schema-graph\">{\"@context\":\"https:\/\/schema.org\",\"@graph\":[{\"@type\":\"WebPage\",\"@id\":\"https:\/\/abcdi.org.br\/index.php\/cursos-operacionais\/\",\"url\":\"https:\/\/abcdi.org.br\/index.php\/cursos-operacionais\/\",\"name\":\"Cursos Operacionais -\",\"isPartOf\":{\"@id\":\"https:\/\/abcdi.org.br\/#website\"},\"primaryImageOfPage\":{\"@id\":\"https:\/\/abcdi.org.br\/index.php\/cursos-operacionais\/#primaryimage\"},\"image\":{\"@id\":\"https:\/\/abcdi.org.br\/index.php\/cursos-operacionais\/#primaryimage\"},\"thumbnailUrl\":\"https:\/\/abcdi.org.br\/wp-content\/uploads\/2025\/02\/banner-site-ABCDI_Cursos-Operacionais.jpg\",\"datePublished\":\"2025-02-14T12:53:13+00:00\",\"dateModified\":\"2026-01-22T18:33:59+00:00\",\"breadcrumb\":{\"@id\":\"https:\/\/abcdi.org.br\/index.php\/cursos-operacionais\/#breadcrumb\"},\"inLanguage\":\"pt-BR\",\"potentialAction\":[{\"@type\":\"ReadAction\",\"target\":[\"https:\/\/abcdi.org.br\/index.php\/cursos-operacionais\/\"]}]},{\"@type\":\"ImageObject\",\"inLanguage\":\"pt-BR\",\"@id\":\"https:\/\/abcdi.org.br\/index.php\/cursos-operacionais\/#primaryimage\",\"url\":\"https:\/\/abcdi.org.br\/wp-content\/uploads\/2025\/02\/banner-site-ABCDI_Cursos-Operacionais.jpg\",\"contentUrl\":\"https:\/\/abcdi.org.br\/wp-content\/uploads\/2025\/02\/banner-site-ABCDI_Cursos-Operacionais.jpg\",\"width\":1920,\"height\":200},{\"@type\":\"BreadcrumbList\",\"@id\":\"https:\/\/abcdi.org.br\/index.php\/cursos-operacionais\/#breadcrumb\",\"itemListElement\":[{\"@type\":\"ListItem\",\"position\":1,\"name\":\"In\u00edcio\",\"item\":\"https:\/\/abcdi.org.br\/\"},{\"@type\":\"ListItem\",\"position\":2,\"name\":\"Cursos Operacionais\"}]},{\"@type\":\"WebSite\",\"@id\":\"https:\/\/abcdi.org.br\/#website\",\"url\":\"https:\/\/abcdi.org.br\/\",\"name\":\"\",\"description\":\"ABCDI - Associa\u00e7\u00e3o Brasileira de Cl\u00ednicas de Diagnostico por Imagem\",\"potentialAction\":[{\"@type\":\"SearchAction\",\"target\":{\"@type\":\"EntryPoint\",\"urlTemplate\":\"https:\/\/abcdi.org.br\/?s={search_term_string}\"},\"query-input\":{\"@type\":\"PropertyValueSpecification\",\"valueRequired\":true,\"valueName\":\"search_term_string\"}}],\"inLanguage\":\"pt-BR\"}]}<\/script>\n<!-- \/ Yoast SEO plugin. -->","yoast_head_json":{"title":"Cursos Operacionais -","robots":{"index":"index","follow":"follow","max-snippet":"max-snippet:-1","max-image-preview":"max-image-preview:large","max-video-preview":"max-video-preview:-1"},"canonical":"https:\/\/abcdi.org.br\/index.php\/cursos-operacionais\/","og_locale":"pt_BR","og_type":"article","og_title":"Cursos Operacionais -","og_description":"&hellip; Cursos Operacionais Leia mais &raquo;","og_url":"https:\/\/abcdi.org.br\/index.php\/cursos-operacionais\/","article_modified_time":"2026-01-22T18:33:59+00:00","og_image":[{"url":"https:\/\/abcdi.org.br\/wp-content\/uploads\/2025\/02\/banner-site-ABCDI_Cursos-Operacionais.jpg","type":"","width":"","height":""}],"twitter_card":"summary_large_image","twitter_misc":{"Est. tempo de leitura":"2 minutos"},"schema":{"@context":"https:\/\/schema.org","@graph":[{"@type":"WebPage","@id":"https:\/\/abcdi.org.br\/index.php\/cursos-operacionais\/","url":"https:\/\/abcdi.org.br\/index.php\/cursos-operacionais\/","name":"Cursos Operacionais -","isPartOf":{"@id":"https:\/\/abcdi.org.br\/#website"},"primaryImageOfPage":{"@id":"https:\/\/abcdi.org.br\/index.php\/cursos-operacionais\/#primaryimage"},"image":{"@id":"https:\/\/abcdi.org.br\/index.php\/cursos-operacionais\/#primaryimage"},"thumbnailUrl":"https:\/\/abcdi.org.br\/wp-content\/uploads\/2025\/02\/banner-site-ABCDI_Cursos-Operacionais.jpg","datePublished":"2025-02-14T12:53:13+00:00","dateModified":"2026-01-22T18:33:59+00:00","breadcrumb":{"@id":"https:\/\/abcdi.org.br\/index.php\/cursos-operacionais\/#breadcrumb"},"inLanguage":"pt-BR","potentialAction":[{"@type":"ReadAction","target":["https:\/\/abcdi.org.br\/index.php\/cursos-operacionais\/"]}]},{"@type":"ImageObject","inLanguage":"pt-BR","@id":"https:\/\/abcdi.org.br\/index.php\/cursos-operacionais\/#primaryimage","url":"https:\/\/abcdi.org.br\/wp-content\/uploads\/2025\/02\/banner-site-ABCDI_Cursos-Operacionais.jpg","contentUrl":"https:\/\/abcdi.org.br\/wp-content\/uploads\/2025\/02\/banner-site-ABCDI_Cursos-Operacionais.jpg","width":1920,"height":200},{"@type":"BreadcrumbList","@id":"https:\/\/abcdi.org.br\/index.php\/cursos-operacionais\/#breadcrumb","itemListElement":[{"@type":"ListItem","position":1,"name":"In\u00edcio","item":"https:\/\/abcdi.org.br\/"},{"@type":"ListItem","position":2,"name":"Cursos Operacionais"}]},{"@type":"WebSite","@id":"https:\/\/abcdi.org.br\/#website","url":"https:\/\/abcdi.org.br\/","name":"","description":"ABCDI - Associa\u00e7\u00e3o Brasileira de Cl\u00ednicas de Diagnostico por Imagem","potentialAction":[{"@type":"SearchAction","target":{"@type":"EntryPoint","urlTemplate":"https:\/\/abcdi.org.br\/?s={search_term_string}"},"query-input":{"@type":"PropertyValueSpecification","valueRequired":true,"valueName":"search_term_string"}}],"inLanguage":"pt-BR"}]}},"_links":{"self":[{"href":"https:\/\/abcdi.org.br\/index.php\/wp-json\/wp\/v2\/pages\/6755","targetHints":{"allow":["GET"]}}],"collection":[{"href":"https:\/\/abcdi.org.br\/index.php\/wp-json\/wp\/v2\/pages"}],"about":[{"href":"https:\/\/abcdi.org.br\/index.php\/wp-json\/wp\/v2\/types\/page"}],"author":[{"embeddable":true,"href":"https:\/\/abcdi.org.br\/index.php\/wp-json\/wp\/v2\/users\/286"}],"replies":[{"embeddable":true,"href":"https:\/\/abcdi.org.br\/index.php\/wp-json\/wp\/v2\/comments?post=6755"}],"version-history":[{"count":57,"href":"https:\/\/abcdi.org.br\/index.php\/wp-json\/wp\/v2\/pages\/6755\/revisions"}],"predecessor-version":[{"id":7756,"href":"https:\/\/abcdi.org.br\/index.php\/wp-json\/wp\/v2\/pages\/6755\/revisions\/7756"}],"wp:attachment":[{"href":"https:\/\/abcdi.org.br\/index.php\/wp-json\/wp\/v2\/media?parent=6755"}],"curies":[{"name":"wp","href":"https:\/\/api.w.org\/{rel}","templated":true}]}}