{"id":549,"date":"2022-02-04T16:42:05","date_gmt":"2022-02-04T19:42:05","guid":{"rendered":"http:\/\/54.233.232.132\/?page_id=549"},"modified":"2026-01-05T14:45:54","modified_gmt":"2026-01-05T17:45:54","slug":"anuidade-abcdi","status":"publish","type":"page","link":"https:\/\/abcdi.org.br\/index.php\/anuidade-abcdi\/","title":{"rendered":"Anuidade ABCDI"},"content":{"rendered":"\t\t<div data-elementor-type=\"wp-page\" data-elementor-id=\"549\" class=\"elementor elementor-549\" data-elementor-post-type=\"page\">\n\t\t\t\t\t\t<section class=\"elementor-section elementor-top-section elementor-element elementor-element-34eeafa elementor-section-boxed elementor-section-height-default elementor-section-height-default\" data-id=\"34eeafa\" data-element_type=\"section\" data-e-type=\"section\">\n\t\t\t\t\t\t<div class=\"elementor-container elementor-column-gap-default\">\n\t\t\t\t\t<div class=\"elementor-column elementor-col-100 elementor-top-column elementor-element elementor-element-1233453\" data-id=\"1233453\" data-element_type=\"column\" data-e-type=\"column\">\n\t\t\t<div class=\"elementor-widget-wrap elementor-element-populated\">\n\t\t\t\t\t\t<div class=\"elementor-element elementor-element-f468546 elementor-widget elementor-widget-spacer\" data-id=\"f468546\" data-element_type=\"widget\" data-e-type=\"widget\" data-widget_type=\"spacer.default\">\n\t\t\t\t<div class=\"elementor-widget-container\">\n\t\t\t\t\t\t\t<div class=\"elementor-spacer\">\n\t\t\t<div class=\"elementor-spacer-inner\"><\/div>\n\t\t<\/div>\n\t\t\t\t\t\t<\/div>\n\t\t\t\t<\/div>\n\t\t\t\t\t<\/div>\n\t\t<\/div>\n\t\t\t\t\t<\/div>\n\t\t<\/section>\n\t\t\t\t<section class=\"elementor-section elementor-top-section elementor-element elementor-element-2f7d726 elementor-section-boxed elementor-section-height-default elementor-section-height-default\" data-id=\"2f7d726\" data-element_type=\"section\" data-e-type=\"section\">\n\t\t\t\t\t\t<div class=\"elementor-container elementor-column-gap-default\">\n\t\t\t\t\t<div class=\"elementor-column elementor-col-100 elementor-top-column elementor-element elementor-element-8e273dc\" data-id=\"8e273dc\" data-element_type=\"column\" data-e-type=\"column\">\n\t\t\t<div class=\"elementor-widget-wrap elementor-element-populated\">\n\t\t\t\t\t\t<div class=\"elementor-element elementor-element-f910db6 elementor-widget elementor-widget-heading\" data-id=\"f910db6\" data-element_type=\"widget\" data-e-type=\"widget\" data-widget_type=\"heading.default\">\n\t\t\t\t<div class=\"elementor-widget-container\">\n\t\t\t\t\t<h2 class=\"elementor-heading-title elementor-size-default\">Confira os valores da Anuidade da ABCDI e aproveite os benef\u00edcios oferecidos<\/h2>\t\t\t\t<\/div>\n\t\t\t\t<\/div>\n\t\t\t\t\t<\/div>\n\t\t<\/div>\n\t\t\t\t\t<\/div>\n\t\t<\/section>\n\t\t\t\t<section class=\"elementor-section elementor-top-section elementor-element elementor-element-2de9dc9 elementor-section-boxed elementor-section-height-default elementor-section-height-default\" data-id=\"2de9dc9\" data-element_type=\"section\" data-e-type=\"section\">\n\t\t\t\t\t\t<div class=\"elementor-container elementor-column-gap-wider\">\n\t\t\t\t\t<div class=\"elementor-column elementor-col-100 elementor-top-column elementor-element elementor-element-04395cd\" data-id=\"04395cd\" data-element_type=\"column\" data-e-type=\"column\">\n\t\t\t<div class=\"elementor-widget-wrap elementor-element-populated\">\n\t\t\t\t\t\t<div class=\"elementor-element elementor-element-62744d9 elementor-widget__width-initial elementor-widget elementor-widget-text-editor\" data-id=\"62744d9\" data-element_type=\"widget\" data-e-type=\"widget\" data-widget_type=\"text-editor.default\">\n\t\t\t\t<div class=\"elementor-widget-container\">\n\t\t\t\t\t\t\t\t\t<h3 style=\"font-size: 1.66667rem; font-style: normal;\">Os associados podem quitar a contribui\u00e7\u00e3o associativa anual 2026 \u00e0 ABCDI:<\/h3><p>O valor da anuidade \u00e9 de acordo com o porte da cl\u00ednica ou servi\u00e7o (de A a E), calculado automaticamente com base nas informa\u00e7\u00f5es sobre a estrutura preenchidas no cadastro.<\/p><p>Condi\u00e7\u00e3o especial para servi\u00e7os participantes dos Programas de Qualidade do CBR:<\/p><ul><li>Servi\u00e7os acreditados pelo <strong><span style=\"color: #1070b6;\">Padi<\/span><\/strong> possuem <span style=\"color: #1070b6;\"><strong>30%<\/strong><\/span> de <span style=\"color: #1070b6;\"><strong>desconto<\/strong> <\/span>no valor da <span style=\"color: #1070b6;\"><strong>anuidade<\/strong><\/span>;<\/li><li><span style=\"font-style: inherit; font-weight: inherit; color: var( --e-global-color-text ); font-family: var( --e-global-typography-text-font-family ), Sans-serif; background-color: var(--ast-global-color-5);\">Servi\u00e7os participantes do <strong><span style=\"color: #1070b6;\">Programa de Selos<\/span><\/strong> possuem <span style=\"color: #1070b6;\"><strong>10%<\/strong><\/span> de <span style=\"color: #1070b6;\"><strong>desconto<\/strong><\/span> no valor da <span style=\"color: #1070b6;\"><strong>anuidade<\/strong><\/span>;<\/span><\/li><li><div id=\"div_Abertura__DescrevaOTipoDeAlteracaoQueDesejaFazerNoSite__\" class=\"field_container visible-object\"><div id=\"var_Abertura__DescrevaOTipoDeAlteracaoQueDesejaFazerNoSite___view_textarea\">Informamos que o <span style=\"font-style: inherit; font-weight: inherit; color: var( --e-global-color-text ); font-family: var( --e-global-typography-text-font-family ), Sans-serif; background-color: var(--ast-global-color-5);\"><span style=\"color: #1070b6;\"><strong>desconto n\u00e3o \u00e9 cumulativo<\/strong><\/span><\/span>\u00a0 e ser\u00e1 aplicado apenas em um dos produtos.<\/div><\/div><div id=\"div_Abertura__DataLimiteDeEntrega__\" class=\"field_container\">\u00a0<\/div><\/li><\/ul><p><span style=\"font-style: inherit; font-weight: inherit; color: var( --e-global-color-text ); font-family: var( --e-global-typography-text-font-family ), Sans-serif; background-color: var(--ast-global-color-5);\">* Para validar a condi\u00e7\u00e3o, entre em contato com <span style=\"color: #1070b6;\"><strong>abcdi@cbr.org.br<\/strong><\/span> com as informa\u00e7\u00f5es da <\/span><span style=\"font-style: inherit; color: #1070b6; font-family: var( --e-global-typography-text-font-family ), Sans-serif; background-color: var(--ast-global-color-5);\"><b>cl\u00ednica participante<\/b><\/span><span style=\"font-style: inherit; font-weight: inherit; color: var( --e-global-color-text ); font-family: var( --e-global-typography-text-font-family ), Sans-serif; background-color: var(--ast-global-color-5);\">.<\/span><\/p>\t\t\t\t\t\t\t\t<\/div>\n\t\t\t\t<\/div>\n\t\t\t\t<div class=\"elementor-element elementor-element-d64a9ea elementor-hidden-desktop elementor-hidden-tablet elementor-hidden-mobile elementor-widget elementor-widget-text-editor\" data-id=\"d64a9ea\" data-element_type=\"widget\" data-e-type=\"widget\" data-widget_type=\"text-editor.default\">\n\t\t\t\t<div class=\"elementor-widget-container\">\n\t\t\t\t\t\t\t\t\t<h5 style=\"text-align: center;\" align=\"justify\"><span style=\"color: #ffffff;\">Os associados que n\u00e3o quitarem a anuidade 2022 at\u00e9<\/span><br \/><span style=\"color: #ffffff;\">30 de junho deixam de ter acesso aos benef\u00edcios.<\/span><\/h5>\t\t\t\t\t\t\t\t<\/div>\n\t\t\t\t<\/div>\n\t\t\t\t\t<\/div>\n\t\t<\/div>\n\t\t\t\t\t<\/div>\n\t\t<\/section>\n\t\t\t\t<section class=\"elementor-section elementor-top-section elementor-element elementor-element-7bde93d elementor-section-boxed elementor-section-height-default elementor-section-height-default\" data-id=\"7bde93d\" data-element_type=\"section\" data-e-type=\"section\" data-settings=\"{&quot;background_background&quot;:&quot;classic&quot;}\">\n\t\t\t\t\t\t<div class=\"elementor-container elementor-column-gap-default\">\n\t\t\t\t\t<div class=\"elementor-column elementor-col-100 elementor-top-column elementor-element elementor-element-54ac495\" data-id=\"54ac495\" data-element_type=\"column\" data-e-type=\"column\">\n\t\t\t<div class=\"elementor-widget-wrap elementor-element-populated\">\n\t\t\t\t\t\t<div class=\"elementor-element elementor-element-ef159c8 elementor-widget elementor-widget-text-editor\" data-id=\"ef159c8\" data-element_type=\"widget\" data-e-type=\"widget\" data-widget_type=\"text-editor.default\">\n\t\t\t\t<div class=\"elementor-widget-container\">\n\t\t\t\t\t\t\t\t\t<h2><strong>Valores da anuidade ABCDI 2026<\/strong><\/h2>\t\t\t\t\t\t\t\t<\/div>\n\t\t\t\t<\/div>\n\t\t\t\t<div class=\"elementor-element elementor-element-b4a1e7c elementor-tabs-view-horizontal elementor-widget elementor-widget-tabs\" data-id=\"b4a1e7c\" data-element_type=\"widget\" data-e-type=\"widget\" data-widget_type=\"tabs.default\">\n\t\t\t\t<div class=\"elementor-widget-container\">\n\t\t\t\t\t\t\t<div class=\"elementor-tabs\">\n\t\t\t<div class=\"elementor-tabs-wrapper\" role=\"tablist\" >\n\t\t\t\t\t\t\t\t\t<div id=\"elementor-tab-title-1891\" class=\"elementor-tab-title elementor-tab-desktop-title\" aria-selected=\"true\" data-tab=\"1\" role=\"tab\" tabindex=\"0\" aria-controls=\"elementor-tab-content-1891\" aria-expanded=\"false\">PORTE (A)<\/div>\n\t\t\t\t\t\t\t\t\t<div id=\"elementor-tab-title-1892\" class=\"elementor-tab-title elementor-tab-desktop-title\" aria-selected=\"false\" data-tab=\"2\" role=\"tab\" tabindex=\"-1\" aria-controls=\"elementor-tab-content-1892\" aria-expanded=\"false\">PORTE (B)<\/div>\n\t\t\t\t\t\t\t\t\t<div id=\"elementor-tab-title-1893\" class=\"elementor-tab-title elementor-tab-desktop-title\" aria-selected=\"false\" data-tab=\"3\" role=\"tab\" tabindex=\"-1\" aria-controls=\"elementor-tab-content-1893\" aria-expanded=\"false\">PORTE (C)<\/div>\n\t\t\t\t\t\t\t\t\t<div id=\"elementor-tab-title-1894\" class=\"elementor-tab-title elementor-tab-desktop-title\" aria-selected=\"false\" data-tab=\"4\" role=\"tab\" tabindex=\"-1\" aria-controls=\"elementor-tab-content-1894\" aria-expanded=\"false\">PORTE (D)<\/div>\n\t\t\t\t\t\t\t\t\t<div id=\"elementor-tab-title-1895\" class=\"elementor-tab-title elementor-tab-desktop-title\" aria-selected=\"false\" data-tab=\"5\" role=\"tab\" tabindex=\"-1\" aria-controls=\"elementor-tab-content-1895\" aria-expanded=\"false\">PORTE (E)<\/div>\n\t\t\t\t\t\t\t<\/div>\n\t\t\t<div class=\"elementor-tabs-content-wrapper\" role=\"tablist\" aria-orientation=\"vertical\">\n\t\t\t\t\t\t\t\t\t<div class=\"elementor-tab-title elementor-tab-mobile-title\" aria-selected=\"true\" data-tab=\"1\" role=\"tab\" tabindex=\"0\" aria-controls=\"elementor-tab-content-1891\" aria-expanded=\"false\">PORTE (A)<\/div>\n\t\t\t\t\t<div id=\"elementor-tab-content-1891\" class=\"elementor-tab-content elementor-clearfix\" data-tab=\"1\" role=\"tabpanel\" aria-labelledby=\"elementor-tab-title-1891\" tabindex=\"0\" hidden=\"false\"><table><tbody><tr><td nowrap=\"nowrap\" bgcolor=\"#1070B6\"><div align=\"center\"><span style=\"color: #ffffff;\"><strong>PORTE<\/strong><\/span><\/div><\/td><td nowrap=\"nowrap\" bgcolor=\"#1070B6\"><div align=\"center\"><p><span style=\"color: #ffffff;\"><b>Anuidade<\/b><\/span><\/p><\/div><\/td><\/tr><tr><td bgcolor=\"ffffff\"><h5 align=\"center\"><strong><span style=\"color: #284997;\">A<\/span><\/strong><\/h5><\/td><td bgcolor=\"ffffff\"><h5 align=\"center\"><strong><span style=\"color: #284997;\"> R$ 619,00<\/span><\/strong><\/h5><\/td><\/tr><\/tbody><\/table><\/div>\n\t\t\t\t\t\t\t\t\t<div class=\"elementor-tab-title elementor-tab-mobile-title\" aria-selected=\"false\" data-tab=\"2\" role=\"tab\" tabindex=\"-1\" aria-controls=\"elementor-tab-content-1892\" aria-expanded=\"false\">PORTE (B)<\/div>\n\t\t\t\t\t<div id=\"elementor-tab-content-1892\" class=\"elementor-tab-content elementor-clearfix\" data-tab=\"2\" role=\"tabpanel\" aria-labelledby=\"elementor-tab-title-1892\" tabindex=\"0\" hidden=\"hidden\"><table><tbody><tr><td nowrap=\"nowrap\" bgcolor=\"#1070B6\"><div align=\"center\"><span style=\"color: #ffffff;\"><strong>PORTE<\/strong><\/span><\/div><\/td><td nowrap=\"nowrap\" bgcolor=\"#1070B6\"><div align=\"center\"><p><span style=\"color: #ffffff;\"><b>Anuidade<\/b><\/span><\/p><\/div><\/td><\/tr><tr><td bgcolor=\"ffffff\"><h5 align=\"center\"><strong><span style=\"color: #284997;\">B<\/span><\/strong><\/h5><\/td><td bgcolor=\"ffffff\"><h5 align=\"center\"><strong><span style=\"color: #284997;\"> R$ 1.114,00<\/span><\/strong><\/h5><\/td><\/tr><\/tbody><\/table><\/div>\n\t\t\t\t\t\t\t\t\t<div class=\"elementor-tab-title elementor-tab-mobile-title\" aria-selected=\"false\" data-tab=\"3\" role=\"tab\" tabindex=\"-1\" aria-controls=\"elementor-tab-content-1893\" aria-expanded=\"false\">PORTE (C)<\/div>\n\t\t\t\t\t<div id=\"elementor-tab-content-1893\" class=\"elementor-tab-content elementor-clearfix\" data-tab=\"3\" role=\"tabpanel\" aria-labelledby=\"elementor-tab-title-1893\" tabindex=\"0\" hidden=\"hidden\"><table><tbody><tr><td nowrap=\"nowrap\" bgcolor=\"#1070B6\"><div align=\"center\"><span style=\"color: #ffffff;\"><strong>PORTE<\/strong><\/span><\/div><\/td><td nowrap=\"nowrap\" bgcolor=\"#1070B6\"><div align=\"center\"><p><span style=\"font-weight: bold; color: #ffffff;\">Anuidade<\/span><\/p><\/div><\/td><\/tr><tr><td bgcolor=\"ffffff\"><h5 align=\"center\"><strong><span style=\"color: #284997;\">C<\/span><\/strong><\/h5><\/td><td bgcolor=\"ffffff\"><h5 align=\"center\"><strong><span style=\"color: #284997;\"> R$ 2.195,00<\/span><\/strong><\/h5><\/td><\/tr><\/tbody><\/table><\/div>\n\t\t\t\t\t\t\t\t\t<div class=\"elementor-tab-title elementor-tab-mobile-title\" aria-selected=\"false\" data-tab=\"4\" role=\"tab\" tabindex=\"-1\" aria-controls=\"elementor-tab-content-1894\" aria-expanded=\"false\">PORTE (D)<\/div>\n\t\t\t\t\t<div id=\"elementor-tab-content-1894\" class=\"elementor-tab-content elementor-clearfix\" data-tab=\"4\" role=\"tabpanel\" aria-labelledby=\"elementor-tab-title-1894\" tabindex=\"0\" hidden=\"hidden\"><table><tbody><tr><td nowrap=\"nowrap\" bgcolor=\"#1070B6\"><div align=\"center\"><span style=\"color: #ffffff;\"><strong>PORTE<\/strong><\/span><\/div><\/td><td nowrap=\"nowrap\" bgcolor=\"#1070B6\"><div align=\"center\"><p><span style=\"color: #ffffff;\"><b>Anuidade<\/b><\/span><\/p><\/div><\/td><\/tr><tr><td bgcolor=\"ffffff\"><h5 align=\"center\"><strong><span style=\"color: #284997;\">D<\/span><\/strong><\/h5><\/td><td bgcolor=\"ffffff\"><h5 align=\"center\"><strong><span style=\"color: #284997;\"> R$ 3.191,00<\/span><\/strong><\/h5><\/td><\/tr><\/tbody><\/table><\/div>\n\t\t\t\t\t\t\t\t\t<div class=\"elementor-tab-title elementor-tab-mobile-title\" aria-selected=\"false\" data-tab=\"5\" role=\"tab\" tabindex=\"-1\" aria-controls=\"elementor-tab-content-1895\" aria-expanded=\"false\">PORTE (E)<\/div>\n\t\t\t\t\t<div id=\"elementor-tab-content-1895\" class=\"elementor-tab-content elementor-clearfix\" data-tab=\"5\" role=\"tabpanel\" aria-labelledby=\"elementor-tab-title-1895\" tabindex=\"0\" hidden=\"hidden\"><table><tbody><tr><td nowrap=\"nowrap\" bgcolor=\"#1070B6\"><div align=\"center\"><span style=\"color: #ffffff;\"><strong>PORTE<\/strong><\/span><\/div><\/td><td nowrap=\"nowrap\" bgcolor=\"#1070B6\"><div align=\"center\"><p><span style=\"font-weight: bold; color: #ffffff;\">Anuidade\u00a0<\/span><\/p><\/div><\/td><\/tr><tr><td bgcolor=\"ffffff\"><h5 align=\"center\"><strong><span style=\"color: #284997;\">E<\/span><\/strong><\/h5><\/td><td bgcolor=\"ffffff\"><h5 align=\"center\"><strong><span style=\"color: #284997;\"> R$ 4.104,00<\/span><\/strong><\/h5><\/td><\/tr><\/tbody><\/table><\/div>\n\t\t\t\t\t\t\t<\/div>\n\t\t<\/div>\n\t\t\t\t\t\t<\/div>\n\t\t\t\t<\/div>\n\t\t\t\t<div class=\"elementor-element elementor-element-94e4faf elementor-widget elementor-widget-text-editor\" data-id=\"94e4faf\" data-element_type=\"widget\" data-e-type=\"widget\" data-widget_type=\"text-editor.default\">\n\t\t\t\t<div class=\"elementor-widget-container\">\n\t\t\t\t\t\t\t\t\t<p><em style=\"font-size: 16px;\">Pague em at\u00e9 6x sem juros no cart\u00e3o de cr\u00e9dito.<\/em><\/p>\t\t\t\t\t\t\t\t<\/div>\n\t\t\t\t<\/div>\n\t\t\t\t\t<\/div>\n\t\t<\/div>\n\t\t\t\t\t<\/div>\n\t\t<\/section>\n\t\t\t\t<section class=\"elementor-section elementor-top-section elementor-element elementor-element-fcae89e elementor-section-boxed elementor-section-height-default elementor-section-height-default\" data-id=\"fcae89e\" data-element_type=\"section\" data-e-type=\"section\">\n\t\t\t\t\t\t<div class=\"elementor-container elementor-column-gap-default\">\n\t\t\t\t\t<div class=\"elementor-column elementor-col-50 elementor-top-column elementor-element elementor-element-48f702f\" data-id=\"48f702f\" data-element_type=\"column\" data-e-type=\"column\">\n\t\t\t<div class=\"elementor-widget-wrap elementor-element-populated\">\n\t\t\t\t\t\t<div class=\"elementor-element elementor-element-a2aa9ec elementor-widget elementor-widget-text-editor\" data-id=\"a2aa9ec\" data-element_type=\"widget\" data-e-type=\"widget\" data-widget_type=\"text-editor.default\">\n\t\t\t\t<div class=\"elementor-widget-container\">\n\t\t\t\t\t\t\t\t\t<h5 align=\"justify\">Para acessar seu boleto ou verificar pend\u00eancias, acesse:<\/h5>\t\t\t\t\t\t\t\t<\/div>\n\t\t\t\t<\/div>\n\t\t\t\t\t<\/div>\n\t\t<\/div>\n\t\t\t\t<div class=\"elementor-column elementor-col-50 elementor-top-column elementor-element elementor-element-d76c11c\" data-id=\"d76c11c\" data-element_type=\"column\" data-e-type=\"column\">\n\t\t\t<div class=\"elementor-widget-wrap elementor-element-populated\">\n\t\t\t\t\t\t<div class=\"elementor-element elementor-element-ee15bdf elementor-button-warning elementor-align-justify elementor-widget elementor-widget-button\" data-id=\"ee15bdf\" data-element_type=\"widget\" data-e-type=\"widget\" data-widget_type=\"button.default\">\n\t\t\t\t<div class=\"elementor-widget-container\">\n\t\t\t\t\t\t\t\t\t<div class=\"elementor-button-wrapper\">\n\t\t\t\t\t<a class=\"elementor-button elementor-button-link elementor-size-sm\" href=\"https:\/\/abcdi.org.br\/index.php\/login\/\">\n\t\t\t\t\t\t<span class=\"elementor-button-content-wrapper\">\n\t\t\t\t\t\t\t\t\t<span class=\"elementor-button-text\">Acesse<\/span>\n\t\t\t\t\t<\/span>\n\t\t\t\t\t<\/a>\n\t\t\t\t<\/div>\n\t\t\t\t\t\t\t\t<\/div>\n\t\t\t\t<\/div>\n\t\t\t\t\t<\/div>\n\t\t<\/div>\n\t\t\t\t\t<\/div>\n\t\t<\/section>\n\t\t\t\t<section class=\"elementor-section elementor-top-section elementor-element elementor-element-29bf7d0 elementor-section-boxed elementor-section-height-default elementor-section-height-default\" data-id=\"29bf7d0\" data-element_type=\"section\" data-e-type=\"section\">\n\t\t\t\t\t\t<div class=\"elementor-container elementor-column-gap-default\">\n\t\t\t\t\t<div class=\"elementor-column elementor-col-100 elementor-top-column elementor-element elementor-element-5aa25bf\" data-id=\"5aa25bf\" data-element_type=\"column\" data-e-type=\"column\">\n\t\t\t<div class=\"elementor-widget-wrap elementor-element-populated\">\n\t\t\t\t\t\t<div class=\"elementor-element elementor-element-d012603 elementor-widget elementor-widget-spacer\" data-id=\"d012603\" data-element_type=\"widget\" data-e-type=\"widget\" data-widget_type=\"spacer.default\">\n\t\t\t\t<div class=\"elementor-widget-container\">\n\t\t\t\t\t\t\t<div class=\"elementor-spacer\">\n\t\t\t<div class=\"elementor-spacer-inner\"><\/div>\n\t\t<\/div>\n\t\t\t\t\t\t<\/div>\n\t\t\t\t<\/div>\n\t\t\t\t\t<\/div>\n\t\t<\/div>\n\t\t\t\t\t<\/div>\n\t\t<\/section>\n\t\t\t\t<\/div>\n\t\t","protected":false},"excerpt":{"rendered":"<p>Confira os valores da Anuidade da ABCDI e aproveite os benef\u00edcios oferecidos Os associados podem quitar a contribui\u00e7\u00e3o associativa anual 2026 \u00e0 ABCDI: O valor da anuidade \u00e9 de acordo com o porte da cl\u00ednica ou servi\u00e7o (de A a E), calculado automaticamente com base nas informa\u00e7\u00f5es sobre a estrutura preenchidas no cadastro. Condi\u00e7\u00e3o especial &hellip;<\/p>\n<p class=\"read-more\"> <a class=\"\" href=\"https:\/\/abcdi.org.br\/index.php\/anuidade-abcdi\/\"> <span class=\"screen-reader-text\">Anuidade ABCDI<\/span> Leia mais &raquo;<\/a><\/p>\n","protected":false},"author":1,"featured_media":0,"parent":0,"menu_order":0,"comment_status":"closed","ping_status":"closed","template":"","meta":{"site-sidebar-layout":"no-sidebar","site-content-layout":"page-builder","ast-main-header-display":"","ast-hfb-above-header-display":"","ast-hfb-below-header-display":"","ast-hfb-mobile-header-display":"","site-post-title":"disabled","ast-breadcrumbs-content":"","ast-featured-img":"disabled","footer-sml-layout":"","theme-transparent-header-meta":"","adv-header-id-meta":"","stick-header-meta":"","header-above-stick-meta":"","header-main-stick-meta":"","header-below-stick-meta":"","footnotes":""},"class_list":["post-549","page","type-page","status-publish","hentry"],"_links":{"self":[{"href":"https:\/\/abcdi.org.br\/index.php\/wp-json\/wp\/v2\/pages\/549","targetHints":{"allow":["GET"]}}],"collection":[{"href":"https:\/\/abcdi.org.br\/index.php\/wp-json\/wp\/v2\/pages"}],"about":[{"href":"https:\/\/abcdi.org.br\/index.php\/wp-json\/wp\/v2\/types\/page"}],"author":[{"embeddable":true,"href":"https:\/\/abcdi.org.br\/index.php\/wp-json\/wp\/v2\/users\/1"}],"replies":[{"embeddable":true,"href":"https:\/\/abcdi.org.br\/index.php\/wp-json\/wp\/v2\/comments?post=549"}],"version-history":[{"count":194,"href":"https:\/\/abcdi.org.br\/index.php\/wp-json\/wp\/v2\/pages\/549\/revisions"}],"predecessor-version":[{"id":7698,"href":"https:\/\/abcdi.org.br\/index.php\/wp-json\/wp\/v2\/pages\/549\/revisions\/7698"}],"wp:attachment":[{"href":"https:\/\/abcdi.org.br\/index.php\/wp-json\/wp\/v2\/media?parent=549"}],"curies":[{"name":"wp","href":"https:\/\/api.w.org\/{rel}","templated":true}]}}