{"id":4001,"date":"2022-07-27T09:59:43","date_gmt":"2022-07-27T12:59:43","guid":{"rendered":"https:\/\/abcdi.org.br\/?page_id=4001"},"modified":"2026-04-15T15:04:28","modified_gmt":"2026-04-15T18:04:28","slug":"noticias-radar-abcdi","status":"publish","type":"page","link":"https:\/\/abcdi.org.br\/index.php\/noticias-radar-abcdi\/","title":{"rendered":"Radar ABCDI"},"content":{"rendered":"\t\t<div data-elementor-type=\"wp-page\" data-elementor-id=\"4001\" class=\"elementor elementor-4001\" data-elementor-post-type=\"page\">\n\t\t\t\t\t\t<section class=\"elementor-section elementor-top-section elementor-element elementor-element-c034176 elementor-section-boxed elementor-section-height-default elementor-section-height-default\" data-id=\"c034176\" data-element_type=\"section\" data-e-type=\"section\">\n\t\t\t\t\t\t<div class=\"elementor-container elementor-column-gap-default\">\n\t\t\t\t\t<div class=\"elementor-column elementor-col-100 elementor-top-column elementor-element elementor-element-c7b2be1\" data-id=\"c7b2be1\" data-element_type=\"column\" data-e-type=\"column\">\n\t\t\t<div class=\"elementor-widget-wrap elementor-element-populated\">\n\t\t\t\t\t\t<div class=\"elementor-element elementor-element-33a7635 elementor-widget elementor-widget-shortcode\" data-id=\"33a7635\" data-element_type=\"widget\" data-e-type=\"widget\" data-widget_type=\"shortcode.default\">\n\t\t\t\t<div class=\"elementor-widget-container\">\n\t\t\t\t\t\t\t<div class=\"elementor-shortcode\"><ul class=\"radar-grid\" id=\"lcp_instance_0\"><li><a href=\"https:\/\/abcdi.org.br\/index.php\/2026\/03\/05\/participe-do-primeiro-webinar-abcdi-de-2026\/\">Participe do primeiro Webinar ABCDI de 2026<\/a><a href=\"https:\/\/abcdi.org.br\/index.php\/2026\/03\/05\/participe-do-primeiro-webinar-abcdi-de-2026\/\" title=\"Participe do primeiro Webinar ABCDI de 2026\"><img loading=\"lazy\" decoding=\"async\" width=\"566\" height=\"324\" src=\"https:\/\/abcdi.org.br\/wp-content\/uploads\/2026\/03\/Emailmkt_Cabecalho_WebinarABCDI.jpg\" class=\"lcp_thumbnail wp-post-image\" alt=\"Participe do primeiro Webinar ABCDI de 2026\" srcset=\"https:\/\/abcdi.org.br\/wp-content\/uploads\/2026\/03\/Emailmkt_Cabecalho_WebinarABCDI.jpg 566w, https:\/\/abcdi.org.br\/wp-content\/uploads\/2026\/03\/Emailmkt_Cabecalho_WebinarABCDI-300x172.jpg 300w\" sizes=\"(max-width: 566px) 100vw, 566px\" \/><\/a><div class=\"lcp_excerpt\">\nCom o tema: A tributa\u00e7\u00e3o de dividendos em sociedades m\u00e9dicas &#8211; aspectos legais, o primeiro Webinar da Associa\u00e7\u00e3o Brasileira das Cl\u00ednicas de Diagn\u00f3stico por Imagem (ABCDI) em 2026 ser\u00e1 especial. O encontro virtual acontecer\u00e1 no dia 17 de mar\u00e7o, a partir das 19h (hor\u00e1rio de Bras\u00edlia-DF).\nNesta edi\u00e7\u00e3o ser\u00e1 abordado sobre os principais efeitos da nova ...<\/div><\/li><li><a href=\"https:\/\/abcdi.org.br\/index.php\/2026\/02\/09\/conheca-a-programacao-dos-cursos-operacionais-da-abcdi-em-2026\/\">Conhe\u00e7a a programa\u00e7\u00e3o dos cursos operacionais da ABCDI em 2026<\/a><a href=\"https:\/\/abcdi.org.br\/index.php\/2026\/02\/09\/conheca-a-programacao-dos-cursos-operacionais-da-abcdi-em-2026\/\" title=\"Conhe\u00e7a a programa\u00e7\u00e3o dos cursos operacionais da ABCDI em 2026\"><img loading=\"lazy\" decoding=\"async\" width=\"566\" height=\"324\" src=\"https:\/\/abcdi.org.br\/wp-content\/uploads\/2026\/02\/CursosOperacionais_BanneABCDI.jpg\" class=\"lcp_thumbnail wp-post-image\" alt=\"Conhe\u00e7a a programa\u00e7\u00e3o dos cursos operacionais da ABCDI em 2026\" srcset=\"https:\/\/abcdi.org.br\/wp-content\/uploads\/2026\/02\/CursosOperacionais_BanneABCDI.jpg 566w, https:\/\/abcdi.org.br\/wp-content\/uploads\/2026\/02\/CursosOperacionais_BanneABCDI-300x172.jpg 300w\" sizes=\"(max-width: 566px) 100vw, 566px\" \/><\/a><div class=\"lcp_excerpt\">\nOs cursos operacionais da Associa\u00e7\u00e3o Brasileira das Cl\u00ednicas de Diagn\u00f3stico por Imagem (ABCDI) est\u00e3o com inscri\u00e7\u00f5es abertas. Neste ano, a programa\u00e7\u00e3o do curso prev\u00ea tr\u00eas cursos, sendo que todos eles ser\u00e3o realizados de maneira 100% online e ao vivo, das 19h30 \u00e0s 22h30 (hor\u00e1rio de Bras\u00edlia-DF).\n\n\nConhe\u00e7a o calend\u00e1rio:\n\n\n27 de mar\u00e7o: Aspectos societ\u00e1rios de sociedades m\u00e9dicas ...<\/div><\/li><li><a href=\"https:\/\/abcdi.org.br\/index.php\/2026\/02\/06\/vem-ai-o-novo-curso-de-gestao-de-clinicas-2026\/\">Vem a\u00ed o novo Curso de Gest\u00e3o de Cl\u00ednicas 2026<\/a><a href=\"https:\/\/abcdi.org.br\/index.php\/2026\/02\/06\/vem-ai-o-novo-curso-de-gestao-de-clinicas-2026\/\" title=\"Vem a\u00ed o novo Curso de Gest\u00e3o de Cl\u00ednicas 2026\"><img loading=\"lazy\" decoding=\"async\" width=\"566\" height=\"324\" src=\"https:\/\/abcdi.org.br\/wp-content\/uploads\/2026\/02\/CursosGestaoDeClinicas_BannerABCDI.jpg\" class=\"lcp_thumbnail wp-post-image\" alt=\"Vem a\u00ed o novo Curso de Gest\u00e3o de Cl\u00ednicas 2026\" srcset=\"https:\/\/abcdi.org.br\/wp-content\/uploads\/2026\/02\/CursosGestaoDeClinicas_BannerABCDI.jpg 566w, https:\/\/abcdi.org.br\/wp-content\/uploads\/2026\/02\/CursosGestaoDeClinicas_BannerABCDI-300x172.jpg 300w\" sizes=\"(max-width: 566px) 100vw, 566px\" \/><\/a><div class=\"lcp_excerpt\">\nO curso de Gest\u00e3o de Cl\u00ednicas de 2026 vem a\u00ed com novidades. As tradicionais aulas\u00a0ofertadas pela Associa\u00e7\u00e3o Brasileira das Cl\u00ednicas de Diagn\u00f3stico por Imagem (ABCDI) ter\u00e3o mais uma edi\u00e7\u00e3o. A principal mudan\u00e7a \u00e9 na grade program\u00e1tica, agora quatro m\u00f3dulos contemplam o curso, que acontecer\u00e1 no formato presencial, na sede do CBR, na Avenida Paulista, em ...<\/div><\/li><li><a href=\"https:\/\/abcdi.org.br\/index.php\/2026\/02\/02\/ans-divulga-versao-de-janeiro-de-2026-do-padrao-tiss\/\">ANS divulga vers\u00e3o de janeiro de 2026 do Padr\u00e3o TISS<\/a><a href=\"https:\/\/abcdi.org.br\/index.php\/2026\/02\/02\/ans-divulga-versao-de-janeiro-de-2026-do-padrao-tiss\/\" title=\"ANS divulga vers\u00e3o de janeiro de 2026 do Padr\u00e3o TISS\"><img loading=\"lazy\" decoding=\"async\" width=\"1000\" height=\"1000\" src=\"https:\/\/abcdi.org.br\/wp-content\/uploads\/2026\/02\/padrao_tiss_site-1.jpg\" class=\"lcp_thumbnail wp-post-image\" alt=\"ANS divulga vers\u00e3o de janeiro de 2026 do Padr\u00e3o TISS\" srcset=\"https:\/\/abcdi.org.br\/wp-content\/uploads\/2026\/02\/padrao_tiss_site-1.jpg 1000w, https:\/\/abcdi.org.br\/wp-content\/uploads\/2026\/02\/padrao_tiss_site-1-300x300.jpg 300w, https:\/\/abcdi.org.br\/wp-content\/uploads\/2026\/02\/padrao_tiss_site-1-150x150.jpg 150w, https:\/\/abcdi.org.br\/wp-content\/uploads\/2026\/02\/padrao_tiss_site-1-768x768.jpg 768w\" sizes=\"(max-width: 1000px) 100vw, 1000px\" \/><\/a><div class=\"lcp_excerpt\">\nA Ag\u00eancia Nacional de Sa\u00fade Suplementar (ANS) disponibilizou a vers\u00e3o de janeiro de 2025 do Padr\u00e3o TISS.  Foram realizadas as seguintes aprimoramentos:\n\n\n&#8211;  Atualiza\u00e7\u00e3o das terminologias de Materiais e OPME (tabela 19);&#8211;   Medicamentos (tabela 20);&#8211;  Mensagens (glosas, negativas e outras) (tabela 38);&#8211;  Forma de envio de procedimentos e itens assistenciais ...<\/div><\/li><li><a href=\"https:\/\/abcdi.org.br\/index.php\/2025\/05\/23\/em-defesa-do-medico-radiologista-cbr-obtem-duas-vitorias-em-acoes-civis-publicas\/\">Em defesa do M\u00e9dico Radiologista, CBR obt\u00e9m duas vit\u00f3rias em a\u00e7\u00f5es civis p\u00fablicas<\/a><a href=\"https:\/\/abcdi.org.br\/index.php\/2025\/05\/23\/em-defesa-do-medico-radiologista-cbr-obtem-duas-vitorias-em-acoes-civis-publicas\/\" title=\"Em defesa do M\u00e9dico Radiologista, CBR obt\u00e9m duas vit\u00f3rias em a\u00e7\u00f5es civis p\u00fablicas\"><img loading=\"lazy\" decoding=\"async\" width=\"566\" height=\"324\" src=\"https:\/\/abcdi.org.br\/wp-content\/uploads\/2025\/05\/DefesaProfissional_VitoriaJuridica_Banner.jpg\" class=\"lcp_thumbnail wp-post-image\" alt=\"Em defesa do M\u00e9dico Radiologista, CBR obt\u00e9m duas vit\u00f3rias em a\u00e7\u00f5es civis p\u00fablicas\" srcset=\"https:\/\/abcdi.org.br\/wp-content\/uploads\/2025\/05\/DefesaProfissional_VitoriaJuridica_Banner.jpg 566w, https:\/\/abcdi.org.br\/wp-content\/uploads\/2025\/05\/DefesaProfissional_VitoriaJuridica_Banner-300x172.jpg 300w\" sizes=\"(max-width: 566px) 100vw, 566px\" \/><\/a><div class=\"lcp_excerpt\">\nComo a sociedade que representa os m\u00e9dicos radiologistas no pa\u00eds, atuamos diariamente na defesa profissional dos nossos interesses com atua\u00e7\u00e3o firme em todas as esferas (Executivo, Legislativo, Judici\u00e1rio e \u00f3rg\u00e3os de especialidade m\u00e9dicas). Constantemente verificamos a invas\u00e3o da nossa especialidade por m\u00e9dicos de outras especialidades e principalmente por profissionais outras \u00e1reas de sa\u00fade. Para que ...<\/div><\/li><li><a href=\"https:\/\/abcdi.org.br\/index.php\/2025\/05\/13\/quer-relatar-alguma-situacao-conheca-o-canal-de-denuncias-do-cbr\/\">Quer relatar alguma situa\u00e7\u00e3o? Conhe\u00e7a o Canal de den\u00fancias do CBR<\/a><a href=\"https:\/\/abcdi.org.br\/index.php\/2025\/05\/13\/quer-relatar-alguma-situacao-conheca-o-canal-de-denuncias-do-cbr\/\" title=\"Quer relatar alguma situa\u00e7\u00e3o? Conhe\u00e7a o Canal de den\u00fancias do CBR\"><img loading=\"lazy\" decoding=\"async\" width=\"1000\" height=\"1002\" src=\"https:\/\/abcdi.org.br\/wp-content\/uploads\/2025\/05\/Post_Canal-de-Denuncia-do-CBR.jpg\" class=\"lcp_thumbnail wp-post-image\" alt=\"Quer relatar alguma situa\u00e7\u00e3o? Conhe\u00e7a o Canal de den\u00fancias do CBR\" srcset=\"https:\/\/abcdi.org.br\/wp-content\/uploads\/2025\/05\/Post_Canal-de-Denuncia-do-CBR.jpg 1000w, https:\/\/abcdi.org.br\/wp-content\/uploads\/2025\/05\/Post_Canal-de-Denuncia-do-CBR-300x300.jpg 300w, https:\/\/abcdi.org.br\/wp-content\/uploads\/2025\/05\/Post_Canal-de-Denuncia-do-CBR-150x150.jpg 150w, https:\/\/abcdi.org.br\/wp-content\/uploads\/2025\/05\/Post_Canal-de-Denuncia-do-CBR-768x770.jpg 768w\" sizes=\"(max-width: 1000px) 100vw, 1000px\" \/><\/a><div class=\"lcp_excerpt\">\nA situa\u00e7\u00e3o enfrentada por radiologistas e cl\u00ednicas de Radiologia e Diagn\u00f3stico por Imagem em todo o pa\u00eds tem se tornado cada vez mais desafiadora. As operadoras de sa\u00fade v\u00eam impondo, de forma recorrente, mecanismos de redu\u00e7\u00e3o de valores e regras que desrespeitam os contratos e a regula\u00e7\u00e3o vigente.\n\n\nDiante deste cen\u00e1rio, o Col\u00e9gio Brasileiro de Radiologia ...<\/div><\/li><li><a href=\"https:\/\/abcdi.org.br\/index.php\/2025\/04\/02\/ans-divulga-versao-de-marco-de-2025-do-padrao-tiss\/\">ANS divulga vers\u00e3o de mar\u00e7o de 2025 do Padr\u00e3o TISS<\/a><a href=\"https:\/\/abcdi.org.br\/index.php\/2025\/04\/02\/ans-divulga-versao-de-marco-de-2025-do-padrao-tiss\/\" title=\"ANS divulga vers\u00e3o de mar\u00e7o de 2025 do Padr\u00e3o TISS\"><img loading=\"lazy\" decoding=\"async\" width=\"1000\" height=\"1000\" src=\"https:\/\/abcdi.org.br\/wp-content\/uploads\/2025\/04\/padrao_tiss_marco2025_site.jpg\" class=\"lcp_thumbnail wp-post-image\" alt=\"ANS divulga vers\u00e3o de mar\u00e7o de 2025 do Padr\u00e3o TISS\" srcset=\"https:\/\/abcdi.org.br\/wp-content\/uploads\/2025\/04\/padrao_tiss_marco2025_site.jpg 1000w, https:\/\/abcdi.org.br\/wp-content\/uploads\/2025\/04\/padrao_tiss_marco2025_site-300x300.jpg 300w, https:\/\/abcdi.org.br\/wp-content\/uploads\/2025\/04\/padrao_tiss_marco2025_site-150x150.jpg 150w, https:\/\/abcdi.org.br\/wp-content\/uploads\/2025\/04\/padrao_tiss_marco2025_site-768x768.jpg 768w\" sizes=\"(max-width: 1000px) 100vw, 1000px\" \/><\/a><div class=\"lcp_excerpt\">\nA Ag\u00eancia Nacional de Sa\u00fade Suplementar (ANS) disponibilizou a vers\u00e3o de mar\u00e7o de 2025 do Padr\u00e3o TISS. Foram realizadas as seguintes altera\u00e7\u00f5es:\n\n\nAtualiza\u00e7\u00e3o das terminologias de Materiais e OPME (tabela 19), Medicamentos (tabela 20), Procedimentos e Eventos em Sa\u00fade (tabela 22) e Forma de envio de procedimentos e itens assistenciais para ANS (tabela64), do componente de ...<\/div><\/li><li><a href=\"https:\/\/abcdi.org.br\/index.php\/2025\/03\/11\/abcdi-emite-nota-de-apoio-as-entidades-medicas-de-pernambuco\/\">ABCDI emite nota de apoio \u00e0s entidades m\u00e9dicas de Pernambuco<\/a><a href=\"https:\/\/abcdi.org.br\/index.php\/2025\/03\/11\/abcdi-emite-nota-de-apoio-as-entidades-medicas-de-pernambuco\/\" title=\"ABCDI emite nota de apoio \u00e0s entidades m\u00e9dicas de Pernambuco\"><img loading=\"lazy\" decoding=\"async\" width=\"1000\" height=\"1002\" src=\"https:\/\/abcdi.org.br\/wp-content\/uploads\/2025\/03\/POst_Cadastramento_RecadastramentoResidentes.jpg\" class=\"lcp_thumbnail wp-post-image\" alt=\"ABCDI emite nota de apoio \u00e0s entidades m\u00e9dicas de Pernambuco\" srcset=\"https:\/\/abcdi.org.br\/wp-content\/uploads\/2025\/03\/POst_Cadastramento_RecadastramentoResidentes.jpg 1000w, https:\/\/abcdi.org.br\/wp-content\/uploads\/2025\/03\/POst_Cadastramento_RecadastramentoResidentes-300x300.jpg 300w, https:\/\/abcdi.org.br\/wp-content\/uploads\/2025\/03\/POst_Cadastramento_RecadastramentoResidentes-150x150.jpg 150w, https:\/\/abcdi.org.br\/wp-content\/uploads\/2025\/03\/POst_Cadastramento_RecadastramentoResidentes-768x770.jpg 768w\" sizes=\"(max-width: 1000px) 100vw, 1000px\" \/><\/a><div class=\"lcp_excerpt\">\nO Col\u00e9gio Brasileiro de Radiologia e Diagn\u00f3stico por Imagem (CBR), por meio da Associa\u00e7\u00e3o Brasileira das Cl\u00ednicas de Diagn\u00f3stico por Imagem (ABCDI), emitiu na \u00faltima quarta-feira (5 de mar\u00e7o) uma nota de apoio ao Sindicato dos M\u00e9dicos de Pernambuco (SIMEPE), \u00e0 Associa\u00e7\u00e3o M\u00e9dica de Pernambuco (AMPE) e a Sociedade de Radiologia de Pernambuco (SRPE), referente ...<\/div><\/li><li><a href=\"https:\/\/abcdi.org.br\/index.php\/2025\/02\/28\/entidades-medicas-recomendam-como-padrao-ouro-rastreamento-com-mamografia-partir-dos-40-anos-para-todas-as-mulheres\/\">COMBATE AO C\u00c2NCER DE MAMA &#8211; Entidades m\u00e9dicas recomendam como padr\u00e3o ouro o rastreamento com mamografia a partir dos 40 anos para todas as mulheres<\/a><a href=\"https:\/\/abcdi.org.br\/index.php\/2025\/02\/28\/entidades-medicas-recomendam-como-padrao-ouro-rastreamento-com-mamografia-partir-dos-40-anos-para-todas-as-mulheres\/\" title=\"COMBATE AO C\u00c2NCER DE MAMA - Entidades m\u00e9dicas recomendam como padr\u00e3o ouro o rastreamento com mamografia a partir dos 40 anos para todas as mulheres\"><img loading=\"lazy\" decoding=\"async\" width=\"1080\" height=\"1080\" src=\"https:\/\/abcdi.org.br\/wp-content\/uploads\/2025\/02\/abcdi_logo.jpg\" class=\"lcp_thumbnail wp-post-image\" alt=\"COMBATE AO C\u00c2NCER DE MAMA - Entidades m\u00e9dicas recomendam como padr\u00e3o ouro o rastreamento com mamografia a partir dos 40 anos para todas as mulheres\" srcset=\"https:\/\/abcdi.org.br\/wp-content\/uploads\/2025\/02\/abcdi_logo.jpg 1080w, https:\/\/abcdi.org.br\/wp-content\/uploads\/2025\/02\/abcdi_logo-300x300.jpg 300w, https:\/\/abcdi.org.br\/wp-content\/uploads\/2025\/02\/abcdi_logo-1024x1024.jpg 1024w, https:\/\/abcdi.org.br\/wp-content\/uploads\/2025\/02\/abcdi_logo-150x150.jpg 150w, https:\/\/abcdi.org.br\/wp-content\/uploads\/2025\/02\/abcdi_logo-768x768.jpg 768w\" sizes=\"(max-width: 1080px) 100vw, 1080px\" \/><\/a><div class=\"lcp_excerpt\">\nDocumento elaborado pelo Col\u00e9gio Brasileiro de Radiologia e Diagn\u00f3stico por Imagem, em parceria com SBM, SBOC, Febrasgo e Femama comprova benef\u00edcios da realiza\u00e7\u00e3o de rastreamento antes dos 50 anos e ap\u00f3s os 70\n\n\nAs mulheres com menos de 50 anos e com mais de 70 devem ter garantido acesso aos exames de rastreamento de c\u00e2ncer de ...<\/div><\/li><\/ul><ul class='lcp_paginator'><li class='lcp_currentpage'>1<\/li><li><a href='https:\/\/abcdi.org.br\/index.php\/wp-json\/wp\/v2\/pages\/4001?lcp_page0=2#lcp_instance_0' title='2'>2<\/a><\/li><li><a href='https:\/\/abcdi.org.br\/index.php\/wp-json\/wp\/v2\/pages\/4001?lcp_page0=3#lcp_instance_0' title='3'>3<\/a><\/li><li><a href='https:\/\/abcdi.org.br\/index.php\/wp-json\/wp\/v2\/pages\/4001?lcp_page0=4#lcp_instance_0' title='4'>4<\/a><\/li><li><a href='https:\/\/abcdi.org.br\/index.php\/wp-json\/wp\/v2\/pages\/4001?lcp_page0=5#lcp_instance_0' title='5'>5<\/a><\/li><li><a href='https:\/\/abcdi.org.br\/index.php\/wp-json\/wp\/v2\/pages\/4001?lcp_page0=6#lcp_instance_0' title='6'>6<\/a><\/li><span class='lcp_elipsis'>...<\/span><li><a href='https:\/\/abcdi.org.br\/index.php\/wp-json\/wp\/v2\/pages\/4001?lcp_page0=8#lcp_instance_0' title='8'>8<\/a><\/li><li><a href='https:\/\/abcdi.org.br\/index.php\/wp-json\/wp\/v2\/pages\/4001?lcp_page0=2#lcp_instance_0' title='2' class='lcp_nextlink'>&gt;&gt;<\/a><\/li><\/ul><\/div>\n\t\t\t\t\t\t<\/div>\n\t\t\t\t<\/div>\n\t\t\t\t\t<\/div>\n\t\t<\/div>\n\t\t\t\t\t<\/div>\n\t\t<\/section>\n\t\t\t\t<\/div>\n\t\t","protected":false},"excerpt":{"rendered":"","protected":false},"author":1,"featured_media":0,"parent":0,"menu_order":0,"comment_status":"closed","ping_status":"closed","template":"","meta":{"site-sidebar-layout":"no-sidebar","site-content-layout":"boxed-container","ast-site-content-layout":"normal-width-container","site-content-style":"boxed","site-sidebar-style":"boxed","ast-global-header-display":"","ast-banner-title-visibility":"","ast-main-header-display":"","ast-hfb-above-header-display":"","ast-hfb-below-header-display":"","ast-hfb-mobile-header-display":"","site-post-title":"disabled","ast-breadcrumbs-content":"","ast-featured-img":"disabled","footer-sml-layout":"","ast-disable-related-posts":"","theme-transparent-header-meta":"","adv-header-id-meta":"","stick-header-meta":"","header-above-stick-meta":"","header-main-stick-meta":"","header-below-stick-meta":"","astra-migrate-meta-layouts":"set","ast-page-background-enabled":"default","ast-page-background-meta":{"desktop":{"background-color":"var(--ast-global-color-4)","background-image":"","background-repeat":"repeat","background-position":"center center","background-size":"auto","background-attachment":"scroll","background-type":"","background-media":"","overlay-type":"","overlay-color":"","overlay-opacity":"","overlay-gradient":""},"tablet":{"background-color":"","background-image":"","background-repeat":"repeat","background-position":"center center","background-size":"auto","background-attachment":"scroll","background-type":"","background-media":"","overlay-type":"","overlay-color":"","overlay-opacity":"","overlay-gradient":""},"mobile":{"background-color":"","background-image":"","background-repeat":"repeat","background-position":"center center","background-size":"auto","background-attachment":"scroll","background-type":"","background-media":"","overlay-type":"","overlay-color":"","overlay-opacity":"","overlay-gradient":""}},"ast-content-background-meta":{"desktop":{"background-color":"var(--ast-global-color-5)","background-image":"","background-repeat":"repeat","background-position":"center center","background-size":"auto","background-attachment":"scroll","background-type":"","background-media":"","overlay-type":"","overlay-color":"","overlay-opacity":"","overlay-gradient":""},"tablet":{"background-color":"var(--ast-global-color-5)","background-image":"","background-repeat":"repeat","background-position":"center center","background-size":"auto","background-attachment":"scroll","background-type":"","background-media":"","overlay-type":"","overlay-color":"","overlay-opacity":"","overlay-gradient":""},"mobile":{"background-color":"var(--ast-global-color-5)","background-image":"","background-repeat":"repeat","background-position":"center center","background-size":"auto","background-attachment":"scroll","background-type":"","background-media":"","overlay-type":"","overlay-color":"","overlay-opacity":"","overlay-gradient":""}},"footnotes":""},"class_list":["post-4001","page","type-page","status-publish","hentry"],"_links":{"self":[{"href":"https:\/\/abcdi.org.br\/index.php\/wp-json\/wp\/v2\/pages\/4001","targetHints":{"allow":["GET"]}}],"collection":[{"href":"https:\/\/abcdi.org.br\/index.php\/wp-json\/wp\/v2\/pages"}],"about":[{"href":"https:\/\/abcdi.org.br\/index.php\/wp-json\/wp\/v2\/types\/page"}],"author":[{"embeddable":true,"href":"https:\/\/abcdi.org.br\/index.php\/wp-json\/wp\/v2\/users\/1"}],"replies":[{"embeddable":true,"href":"https:\/\/abcdi.org.br\/index.php\/wp-json\/wp\/v2\/comments?post=4001"}],"version-history":[{"count":17,"href":"https:\/\/abcdi.org.br\/index.php\/wp-json\/wp\/v2\/pages\/4001\/revisions"}],"predecessor-version":[{"id":7957,"href":"https:\/\/abcdi.org.br\/index.php\/wp-json\/wp\/v2\/pages\/4001\/revisions\/7957"}],"wp:attachment":[{"href":"https:\/\/abcdi.org.br\/index.php\/wp-json\/wp\/v2\/media?parent=4001"}],"curies":[{"name":"wp","href":"https:\/\/api.w.org\/{rel}","templated":true}]}}